{"id":11980,"date":"2021-06-18T12:11:38","date_gmt":"2021-06-18T12:19:20","guid":{"rendered":"https:\/\/peekandpack.com\/?post_type=product&#038;p=11980"},"modified":"2021-06-18T12:20:59","modified_gmt":"2021-06-18T12:20:59","slug":"papel-pintado-marguerite-de-mues-design","status":"publish","type":"product","link":"https:\/\/peekandpack.com\/es\/producto\/papel-pintado-marguerite-de-mues-design\/","title":{"rendered":"Papel pintado Marguerite de Mues Design"},"content":{"rendered":"<p>Esta colecci\u00f3n de Mues Design surge de\u00a0 patrones tradicionales que recuerdan las mantas de lana escocesas de anta\u00f1o y los colchones cubiertos con sus famosas telas, haciendo una revisi\u00f3n a tama\u00f1os\u00a0 extra grandes y tonos deste\u00f1idos, que nos recuerdan el mundo femenino de BILLIE BLANKET. Las diferentes rayas y los fondos de los papeles se han trabajado para dar un efecto de textura, como un tejido.<\/p>\n<p>Los delicados colores de la colecci\u00f3n, que van del azul gris\u00e1ceo, terracota o crema, han sido dise\u00f1ados para combinar con todo tipo de interiores, estilos y materiales.<\/p>\n<p>Caracter\u00edsticas<br \/>\nPapel pintado lavable no tejido 147g \/ m2<br \/>\nF\u00e1cil y r\u00e1pido de instalar y quitar, consulte nuestra gu\u00eda de instalaci\u00f3n.<br \/>\nMateriales que respetan los est\u00e1ndares ambientales y de salud<br \/>\nTintas sin disolventes aptas para ni\u00f1os y lugares p\u00fablicos<br \/>\nFabricado en Francia<\/p>\n<p>Tama\u00f1o: 1 panel 60 \u00d7 280<\/p>\n<p>Entrega: 2-3 semanas<\/p>\n","protected":false},"excerpt":{"rendered":"<p>Papel Pintado Marguerite dise\u00f1o de Mues Design<\/p>\n","protected":false},"featured_media":11975,"comment_status":"closed","ping_status":"closed","template":"","meta":[],"tags":[],"product_brand":[],"product_cat":[49,25,96,18,17],"class_list":{"0":"post-11980","1":"product","2":"type-product","3":"status-publish","4":"has-post-thumbnail","6":"product_cat-decotextiles-es","7":"product_cat-minus90","8":"product_cat-papel-pintado","9":"product_cat-peek","10":"product_cat-currentmonth","11":"product_shipping_class-standard-shipping-es","13":"first","14":"instock","15":"taxable","16":"shipping-taxable","17":"purchasable","18":"product-type-variable"},"_links":{"self":[{"href":"https:\/\/peekandpack.com\/es\/wp-json\/wp\/v2\/product\/11980","targetHints":{"allow":["GET"]}}],"collection":[{"href":"https:\/\/peekandpack.com\/es\/wp-json\/wp\/v2\/product"}],"about":[{"href":"https:\/\/peekandpack.com\/es\/wp-json\/wp\/v2\/types\/product"}],"replies":[{"embeddable":true,"href":"https:\/\/peekandpack.com\/es\/wp-json\/wp\/v2\/comments?post=11980"}],"wp:featuredmedia":[{"embeddable":true,"href":"https:\/\/peekandpack.com\/es\/wp-json\/wp\/v2\/media\/11975"}],"wp:attachment":[{"href":"https:\/\/peekandpack.com\/es\/wp-json\/wp\/v2\/media?parent=11980"}],"wp:term":[{"taxonomy":"post_tag","embeddable":true,"href":"https:\/\/peekandpack.com\/es\/wp-json\/wp\/v2\/tags?post=11980"},{"taxonomy":"product_brand","embeddable":true,"href":"https:\/\/peekandpack.com\/es\/wp-json\/wp\/v2\/product_brand?post=11980"},{"taxonomy":"product_cat","embeddable":true,"href":"https:\/\/peekandpack.com\/es\/wp-json\/wp\/v2\/product_cat?post=11980"}],"curies":[{"name":"wp","href":"https:\/\/api.w.org\/{rel}","templated":true}]}}