{"id":11929,"date":"2021-04-27T11:37:36","date_gmt":"2021-04-27T11:40:24","guid":{"rendered":"https:\/\/peekandpack.com\/?post_type=product&#038;p=11929"},"modified":"2021-04-27T11:41:40","modified_gmt":"2021-04-27T11:41:40","slug":"portalapices-nofred","status":"publish","type":"product","link":"https:\/\/peekandpack.com\/es\/producto\/portalapices-nofred\/","title":{"rendered":"Portal\u00e1pices NOFRED"},"content":{"rendered":"<p>Dise\u00f1o de madera exclusivo para la acci\u00f3n creativa instant\u00e1nea de tu hijo o hija.<br \/>\nMantenga un registro de sus herramientas de dibujo y escritura favoritas con este portal\u00e1pices de madera bellamente dise\u00f1ado por Nofred.<\/p>\n<p>Si a su hijo le encanta sentarse y pintar, dibujar o escribir peque\u00f1as historias, le encantar\u00e1 tener sus l\u00e1pices favoritos a mano para una acci\u00f3n creativa instant\u00e1nea!<\/p>\n<p>El portal\u00e1pices es una pieza funcional para el uso diario y la organizaci\u00f3n, y su hijo puede combinar sus herramientas creativas como quiera: pinceles, tijeras, una regla, una goma, un sacapuntas, un peque\u00f1o bloc de notas, etc.<\/p>\n<p>Organizador port\u00e1til: porque la inspiraci\u00f3n est\u00e1 en todas partes<\/p>\n<p>EDAD +3<\/p>\n<p>MEDIDAS 250 L x 77 W x 35 H<\/p>\n<p>PESO 0,4 kg.<\/p>\n<p>MATERIAL Madera de fresno con pintura no t\u00f3xica<\/p>\n","protected":false},"excerpt":{"rendered":"<p>Porque la inspiraci\u00f3n est\u00e1 en todas partes&#8230;<\/p>\n","protected":false},"featured_media":11922,"comment_status":"closed","ping_status":"closed","template":"","meta":[],"tags":[],"product_brand":[],"product_cat":[49,51,25,18,17],"class_list":{"0":"post-11929","1":"product","2":"type-product","3":"status-publish","4":"has-post-thumbnail","6":"product_cat-decotextiles-es","7":"product_cat-juguetes-originales","8":"product_cat-minus90","9":"product_cat-peek","10":"product_cat-currentmonth","11":"product_shipping_class-standard-shipping-es","13":"first","14":"instock","15":"taxable","16":"shipping-taxable","17":"purchasable","18":"product-type-variable"},"_links":{"self":[{"href":"https:\/\/peekandpack.com\/es\/wp-json\/wp\/v2\/product\/11929","targetHints":{"allow":["GET"]}}],"collection":[{"href":"https:\/\/peekandpack.com\/es\/wp-json\/wp\/v2\/product"}],"about":[{"href":"https:\/\/peekandpack.com\/es\/wp-json\/wp\/v2\/types\/product"}],"replies":[{"embeddable":true,"href":"https:\/\/peekandpack.com\/es\/wp-json\/wp\/v2\/comments?post=11929"}],"wp:featuredmedia":[{"embeddable":true,"href":"https:\/\/peekandpack.com\/es\/wp-json\/wp\/v2\/media\/11922"}],"wp:attachment":[{"href":"https:\/\/peekandpack.com\/es\/wp-json\/wp\/v2\/media?parent=11929"}],"wp:term":[{"taxonomy":"post_tag","embeddable":true,"href":"https:\/\/peekandpack.com\/es\/wp-json\/wp\/v2\/tags?post=11929"},{"taxonomy":"product_brand","embeddable":true,"href":"https:\/\/peekandpack.com\/es\/wp-json\/wp\/v2\/product_brand?post=11929"},{"taxonomy":"product_cat","embeddable":true,"href":"https:\/\/peekandpack.com\/es\/wp-json\/wp\/v2\/product_cat?post=11929"}],"curies":[{"name":"wp","href":"https:\/\/api.w.org\/{rel}","templated":true}]}}