{"id":11880,"date":"2021-04-14T14:01:01","date_gmt":"2021-04-14T14:04:43","guid":{"rendered":"https:\/\/peekandpack.com\/?post_type=product&#038;p=11880"},"modified":"2021-04-14T14:05:46","modified_gmt":"2021-04-14T14:05:46","slug":"papel-pintado-kitsune-de-little-cabari","status":"publish","type":"product","link":"https:\/\/peekandpack.com\/es\/producto\/papel-pintado-kitsune-de-little-cabari\/","title":{"rendered":"Papel Pintado Kitsune de Little Cabari"},"content":{"rendered":"<p>Llega la nueva colecci\u00f3n WILD de Little Cabari.<\/p>\n<p>Kistun\u00e9 es un dise\u00f1o \u00a0compuesto por \u00e1giles zorros jugando en el coraz\u00f3n de un bosque de helechos.<\/p>\n<p>Este papel\u00a0 est\u00e1 disponible en 5 colores (Beige, \u00d3xido, Rosa, Azul noche y Escarcha &#8211; azul gris\u00e1ceo-).<br \/>\nLas dos dise\u00f1adoras de Little Cabari,\u00a0 Alice y Camille, han combinado sus talentos para crear este nuevo universo y dar a luz a la primera combinaci\u00f3n offset de Little Cabari.<\/p>\n<p>Unidad de venta: rollo de 50cm x 10mts (5m2)<br \/>\nSalteado Raccord: V79,38cm horizontal 50cm<br \/>\nPeso: 150gr \/ m2<br \/>\nComposici\u00f3n: 100% no tejido<br \/>\n\u00cdndice de no fuego: BS1DO (M1)<\/p>\n<p>Plazo de entrega: 8 &#8211; 10 d\u00edas laborables<\/p>\n","protected":false},"excerpt":{"rendered":"<p>Papel Pintado Kitsune de Little Cabari<\/p>\n","protected":false},"featured_media":11871,"comment_status":"closed","ping_status":"closed","template":"","meta":[],"tags":[],"product_brand":[],"product_cat":[49,26,96,18,17],"class_list":{"0":"post-11880","1":"product","2":"type-product","3":"status-publish","4":"has-post-thumbnail","6":"product_cat-decotextiles-es","7":"product_cat-minus240","8":"product_cat-papel-pintado","9":"product_cat-peek","10":"product_cat-currentmonth","11":"product_shipping_class-envio-internacional","13":"first","14":"instock","15":"taxable","16":"shipping-taxable","17":"purchasable","18":"product-type-variable"},"_links":{"self":[{"href":"https:\/\/peekandpack.com\/es\/wp-json\/wp\/v2\/product\/11880","targetHints":{"allow":["GET"]}}],"collection":[{"href":"https:\/\/peekandpack.com\/es\/wp-json\/wp\/v2\/product"}],"about":[{"href":"https:\/\/peekandpack.com\/es\/wp-json\/wp\/v2\/types\/product"}],"replies":[{"embeddable":true,"href":"https:\/\/peekandpack.com\/es\/wp-json\/wp\/v2\/comments?post=11880"}],"wp:featuredmedia":[{"embeddable":true,"href":"https:\/\/peekandpack.com\/es\/wp-json\/wp\/v2\/media\/11871"}],"wp:attachment":[{"href":"https:\/\/peekandpack.com\/es\/wp-json\/wp\/v2\/media?parent=11880"}],"wp:term":[{"taxonomy":"post_tag","embeddable":true,"href":"https:\/\/peekandpack.com\/es\/wp-json\/wp\/v2\/tags?post=11880"},{"taxonomy":"product_brand","embeddable":true,"href":"https:\/\/peekandpack.com\/es\/wp-json\/wp\/v2\/product_brand?post=11880"},{"taxonomy":"product_cat","embeddable":true,"href":"https:\/\/peekandpack.com\/es\/wp-json\/wp\/v2\/product_cat?post=11880"}],"curies":[{"name":"wp","href":"https:\/\/api.w.org\/{rel}","templated":true}]}}