{"id":11778,"date":"2021-04-08T08:23:21","date_gmt":"2021-04-08T08:26:07","guid":{"rendered":"https:\/\/peekandpack.com\/?post_type=product&#038;p=11778"},"modified":"2021-04-08T08:30:35","modified_gmt":"2021-04-08T08:30:35","slug":"papel-pintado-aude-de-mues-design","status":"publish","type":"product","link":"https:\/\/peekandpack.com\/es\/producto\/papel-pintado-aude-de-mues-design\/","title":{"rendered":"Papel Pintado AUDE de Mues Design"},"content":{"rendered":"<p>AUDE tiene una pasi\u00f3n incondicional por todas las flores cuyos nombres latinos conoce de memoria. Sus favoritas&#8230;? Las Peon\u00edas, por la generosidad de sus flores, la delicadeza de sus p\u00e9talos y la poes\u00eda de sus colores.<\/p>\n<p>AUDE siempre aporta color y buen humor!<\/p>\n<p>Caracter\u00edsticas:<br \/>\nPapel pintado lavable no tejido 147g \/ m2<br \/>\nF\u00e1cil y r\u00e1pido de instalar y quitar, consulte nuestra gu\u00eda de instalaci\u00f3n.<br \/>\nMateriales que respetan los est\u00e1ndares ambientales y de salud<br \/>\nTintas sin disolventes aptas para ni\u00f1os y lugares p\u00fablicos<br \/>\nFabricado en Francia<\/p>\n<p>Dies colores disponibles.<\/p>\n<p>Tama\u00f1o: 1 panel 60&#215;280<\/p>\n<p>Entrega: 2 semanas<\/p>\n","protected":false},"excerpt":{"rendered":"<p>Papel Pintado AUDE de Mues Design<\/p>\n","protected":false},"featured_media":11765,"comment_status":"closed","ping_status":"closed","template":"","meta":[],"tags":[],"product_brand":[],"product_cat":[49,25,96,18,17],"class_list":{"0":"post-11778","1":"product","2":"type-product","3":"status-publish","4":"has-post-thumbnail","6":"product_cat-decotextiles-es","7":"product_cat-minus90","8":"product_cat-papel-pintado","9":"product_cat-peek","10":"product_cat-currentmonth","12":"first","13":"instock","14":"taxable","15":"shipping-taxable","16":"purchasable","17":"product-type-variable"},"_links":{"self":[{"href":"https:\/\/peekandpack.com\/es\/wp-json\/wp\/v2\/product\/11778","targetHints":{"allow":["GET"]}}],"collection":[{"href":"https:\/\/peekandpack.com\/es\/wp-json\/wp\/v2\/product"}],"about":[{"href":"https:\/\/peekandpack.com\/es\/wp-json\/wp\/v2\/types\/product"}],"replies":[{"embeddable":true,"href":"https:\/\/peekandpack.com\/es\/wp-json\/wp\/v2\/comments?post=11778"}],"wp:featuredmedia":[{"embeddable":true,"href":"https:\/\/peekandpack.com\/es\/wp-json\/wp\/v2\/media\/11765"}],"wp:attachment":[{"href":"https:\/\/peekandpack.com\/es\/wp-json\/wp\/v2\/media?parent=11778"}],"wp:term":[{"taxonomy":"post_tag","embeddable":true,"href":"https:\/\/peekandpack.com\/es\/wp-json\/wp\/v2\/tags?post=11778"},{"taxonomy":"product_brand","embeddable":true,"href":"https:\/\/peekandpack.com\/es\/wp-json\/wp\/v2\/product_brand?post=11778"},{"taxonomy":"product_cat","embeddable":true,"href":"https:\/\/peekandpack.com\/es\/wp-json\/wp\/v2\/product_cat?post=11778"}],"curies":[{"name":"wp","href":"https:\/\/api.w.org\/{rel}","templated":true}]}}