{"id":11742,"date":"2021-04-07T10:33:39","date_gmt":"2021-04-07T10:55:23","guid":{"rendered":"https:\/\/peekandpack.com\/?post_type=product&#038;p=11742"},"modified":"2022-09-13T15:13:00","modified_gmt":"2022-09-13T15:13:00","slug":"cuadro-abstracto-100x120cm-hk-living","status":"publish","type":"product","link":"https:\/\/peekandpack.com\/es\/producto\/cuadro-abstracto-100x120cm-hk-living\/","title":{"rendered":"cuadro abstracto  100x120cm HK Living"},"content":{"rendered":"<p>HK Living dise\u00f1a sus propias obras de arte para decorar cada uno de sus espacio.<\/p>\n<p>En este\u00a0 caso se\u00a0 trata de una\u00a0 pintura abstracta\u00a0 en un tono oliva muy clarito y nude.<\/p>\n<p>Medidas: 100x120cm<\/p>\n<p>Creemos que una casa no est\u00e1 completa sin tener una obra de arte fabulosa en la pared. Inspir\u00e1ndonos a trav\u00e9s de tantos tipos de arte, dise\u00f1amos una verdadera colecci\u00f3n de arte mural mixto.<\/p>\n<p>Se trata de una colecci\u00f3n minimalista y abstracta, todas pintadas a mano, todas \u00fanicas. Cada obra de arte est\u00e1 firmada por el artista y enmarcadas\u00a0 sobre un bastidor y marco realizado a mano en madera de fresno.<\/p>\n<p>Entrega: Nov.2022<\/p>\n","protected":false},"excerpt":{"rendered":"<p>Cuadro Abstracto HK Living<\/p>\n","protected":false},"featured_media":11737,"comment_status":"closed","ping_status":"closed","template":"","meta":[],"tags":[],"product_brand":[],"product_cat":[20,49,27,18,17],"class_list":{"0":"post-11742","1":"product","2":"type-product","3":"status-publish","4":"has-post-thumbnail","6":"product_cat-artwork","7":"product_cat-decotextiles-es","8":"product_cat-plus250","9":"product_cat-peek","10":"product_cat-currentmonth","11":"product_shipping_class-furniture-es","13":"first","14":"instock","15":"taxable","16":"shipping-taxable","17":"purchasable","18":"product-type-simple"},"_links":{"self":[{"href":"https:\/\/peekandpack.com\/es\/wp-json\/wp\/v2\/product\/11742","targetHints":{"allow":["GET"]}}],"collection":[{"href":"https:\/\/peekandpack.com\/es\/wp-json\/wp\/v2\/product"}],"about":[{"href":"https:\/\/peekandpack.com\/es\/wp-json\/wp\/v2\/types\/product"}],"replies":[{"embeddable":true,"href":"https:\/\/peekandpack.com\/es\/wp-json\/wp\/v2\/comments?post=11742"}],"wp:featuredmedia":[{"embeddable":true,"href":"https:\/\/peekandpack.com\/es\/wp-json\/wp\/v2\/media\/11737"}],"wp:attachment":[{"href":"https:\/\/peekandpack.com\/es\/wp-json\/wp\/v2\/media?parent=11742"}],"wp:term":[{"taxonomy":"post_tag","embeddable":true,"href":"https:\/\/peekandpack.com\/es\/wp-json\/wp\/v2\/tags?post=11742"},{"taxonomy":"product_brand","embeddable":true,"href":"https:\/\/peekandpack.com\/es\/wp-json\/wp\/v2\/product_brand?post=11742"},{"taxonomy":"product_cat","embeddable":true,"href":"https:\/\/peekandpack.com\/es\/wp-json\/wp\/v2\/product_cat?post=11742"}],"curies":[{"name":"wp","href":"https:\/\/api.w.org\/{rel}","templated":true}]}}