{"id":11700,"date":"2021-03-05T13:17:53","date_gmt":"2021-03-05T13:21:15","guid":{"rendered":"https:\/\/peekandpack.com\/?post_type=product&#038;p=11700"},"modified":"2021-03-05T13:23:32","modified_gmt":"2021-03-05T13:23:32","slug":"cuna-sparrow-de-oeuf","status":"publish","type":"product","link":"https:\/\/peekandpack.com\/es\/producto\/cuna-sparrow-de-oeuf\/","title":{"rendered":"Cuna Sparrow de OEUF"},"content":{"rendered":"<p>Dise\u00f1o de cuna vers\u00e1til\u00a0 y atemporal\u00a0 que coordinar\u00e1 con cualquier estilo. Los rieles laterales y los ejes delgados le dan a esta cuna una sensaci\u00f3n ligera\u00a0 y la convierten en una de las favoritas de los dise\u00f1adores de interiores. Su construcci\u00f3n robusta y de alta calidad significa que durar\u00e1 por generaciones.<\/p>\n<p>Disponible en abedul, blanco y nogal<\/p>\n<p>Largo: 145 cm, Fondo: 75 cm, Alto: 92,5 cm.<\/p>\n<p>Para un colch\u00f3n de: 140 x 70 cm. (no incluido)<br \/>\nPeso: 42 kilogramos<\/p>\n<p>Entrega solo en Pen\u00ednsula.<\/p>\n<p>Plazo 2 \u00f3 3 semanas.<\/p>\n<p>Edad: 0 a 6 a\u00f1os<\/p>\n","protected":false},"excerpt":{"rendered":"<p>Cuna Sparrow de OEUF<\/p>\n","protected":false},"featured_media":11693,"comment_status":"closed","ping_status":"closed","template":"","meta":[],"tags":[],"product_brand":[],"product_cat":[27,55,18,17],"class_list":{"0":"post-11700","1":"product","2":"type-product","3":"status-publish","4":"has-post-thumbnail","6":"product_cat-plus250","7":"product_cat-mobiliario-infantil","8":"product_cat-peek","9":"product_cat-currentmonth","10":"product_shipping_class-furniture-100-es","12":"first","13":"instock","14":"taxable","15":"shipping-taxable","16":"purchasable","17":"product-type-variable"},"_links":{"self":[{"href":"https:\/\/peekandpack.com\/es\/wp-json\/wp\/v2\/product\/11700","targetHints":{"allow":["GET"]}}],"collection":[{"href":"https:\/\/peekandpack.com\/es\/wp-json\/wp\/v2\/product"}],"about":[{"href":"https:\/\/peekandpack.com\/es\/wp-json\/wp\/v2\/types\/product"}],"replies":[{"embeddable":true,"href":"https:\/\/peekandpack.com\/es\/wp-json\/wp\/v2\/comments?post=11700"}],"wp:featuredmedia":[{"embeddable":true,"href":"https:\/\/peekandpack.com\/es\/wp-json\/wp\/v2\/media\/11693"}],"wp:attachment":[{"href":"https:\/\/peekandpack.com\/es\/wp-json\/wp\/v2\/media?parent=11700"}],"wp:term":[{"taxonomy":"post_tag","embeddable":true,"href":"https:\/\/peekandpack.com\/es\/wp-json\/wp\/v2\/tags?post=11700"},{"taxonomy":"product_brand","embeddable":true,"href":"https:\/\/peekandpack.com\/es\/wp-json\/wp\/v2\/product_brand?post=11700"},{"taxonomy":"product_cat","embeddable":true,"href":"https:\/\/peekandpack.com\/es\/wp-json\/wp\/v2\/product_cat?post=11700"}],"curies":[{"name":"wp","href":"https:\/\/api.w.org\/{rel}","templated":true}]}}