{"id":11675,"date":"2021-03-05T12:29:01","date_gmt":"2021-03-05T12:47:56","guid":{"rendered":"https:\/\/peekandpack.com\/?post_type=product&#038;p=11675"},"modified":"2021-03-05T12:47:56","modified_gmt":"2021-03-05T12:47:56","slug":"funda-nordica-triangulos-bebe-le-petit-lucas-du-tertre","status":"publish","type":"product","link":"https:\/\/peekandpack.com\/es\/producto\/funda-nordica-triangulos-bebe-le-petit-lucas-du-tertre\/","title":{"rendered":"Funda n\u00f3rdica Tri\u00e1ngulos BEBE Le Petit Lucas du Tertre"},"content":{"rendered":"<p>Funda n\u00f3rdica Tri\u00e1ngulos de Le Petit Lucas du Tertre<\/p>\n<p>100% algod\u00f3n<\/p>\n<p>Media: 100x140cm. Funda n\u00f3rdica + funda almohada 33x43cm<\/p>\n<p>Tri\u00e1ngulos azul y rojo<\/p>\n","protected":false},"excerpt":{"rendered":"<p>Funda n\u00f3rdica bebe Le Petit Lucas du Tertre<\/p>\n","protected":false},"featured_media":11672,"comment_status":"closed","ping_status":"closed","template":"","meta":[],"tags":[],"product_brand":[],"product_cat":[49,25,18,17],"class_list":{"0":"post-11675","1":"product","2":"type-product","3":"status-publish","4":"has-post-thumbnail","6":"product_cat-decotextiles-es","7":"product_cat-minus90","8":"product_cat-peek","9":"product_cat-currentmonth","11":"first","12":"outofstock","13":"taxable","14":"shipping-taxable","15":"purchasable","16":"product-type-simple"},"_links":{"self":[{"href":"https:\/\/peekandpack.com\/es\/wp-json\/wp\/v2\/product\/11675","targetHints":{"allow":["GET"]}}],"collection":[{"href":"https:\/\/peekandpack.com\/es\/wp-json\/wp\/v2\/product"}],"about":[{"href":"https:\/\/peekandpack.com\/es\/wp-json\/wp\/v2\/types\/product"}],"replies":[{"embeddable":true,"href":"https:\/\/peekandpack.com\/es\/wp-json\/wp\/v2\/comments?post=11675"}],"wp:featuredmedia":[{"embeddable":true,"href":"https:\/\/peekandpack.com\/es\/wp-json\/wp\/v2\/media\/11672"}],"wp:attachment":[{"href":"https:\/\/peekandpack.com\/es\/wp-json\/wp\/v2\/media?parent=11675"}],"wp:term":[{"taxonomy":"post_tag","embeddable":true,"href":"https:\/\/peekandpack.com\/es\/wp-json\/wp\/v2\/tags?post=11675"},{"taxonomy":"product_brand","embeddable":true,"href":"https:\/\/peekandpack.com\/es\/wp-json\/wp\/v2\/product_brand?post=11675"},{"taxonomy":"product_cat","embeddable":true,"href":"https:\/\/peekandpack.com\/es\/wp-json\/wp\/v2\/product_cat?post=11675"}],"curies":[{"name":"wp","href":"https:\/\/api.w.org\/{rel}","templated":true}]}}