{"id":11646,"date":"2021-03-05T11:09:06","date_gmt":"2021-03-05T11:13:44","guid":{"rendered":"https:\/\/peekandpack.com\/?post_type=product&#038;p=11646"},"modified":"2021-09-15T17:30:00","modified_gmt":"2021-09-15T17:30:00","slug":"cuna-evolutiva-sebra-en-haya","status":"publish","type":"product","link":"https:\/\/peekandpack.com\/es\/producto\/cuna-evolutiva-sebra-en-haya\/","title":{"rendered":"CUNA EVOLUTIVA SEBRA EN HAYA"},"content":{"rendered":"<p>La cuna evolutiva SEBRA crece con tu hijo o\u00a0 hija.<\/p>\n<p>Con un dise\u00f1o totalmente atemporal, de l\u00edneas suaves y en un acabado de madera de haya natural, ser\u00e1 la pieza perfecta en su habitaci\u00f3n.<\/p>\n<p>Para ni\u00f1os y ni\u00f1as desde 0\u00a0 hasta los 6 a\u00f1os.<\/p>\n<p>Material Madera de haya<br \/>\nMax. carga 15 kg \/ 80 kg<br \/>\nLongitud 115 cm<br \/>\nAncho 75,8 cm<br \/>\nAltura 88 cm<br \/>\nLongitud de extensi\u00f3n 155 cm<\/p>\n<p>Colch\u00f3n no incluido (tambi\u00e9n disponible en la peekandpack.com )<\/p>\n<p>Plazo de entrega a consultar (Enero-Febrero 2022)<\/p>\n","protected":false},"excerpt":{"rendered":"<p>Cuna evolutiva de Sebra<\/p>\n","protected":false},"featured_media":11639,"comment_status":"closed","ping_status":"closed","template":"","meta":[],"tags":[],"product_brand":[],"product_cat":[27,55,18,17],"class_list":{"0":"post-11646","1":"product","2":"type-product","3":"status-publish","4":"has-post-thumbnail","6":"product_cat-plus250","7":"product_cat-mobiliario-infantil","8":"product_cat-peek","9":"product_cat-currentmonth","10":"product_shipping_class-furniture-65-es","12":"first","13":"outofstock","14":"taxable","15":"shipping-taxable","16":"purchasable","17":"product-type-simple"},"_links":{"self":[{"href":"https:\/\/peekandpack.com\/es\/wp-json\/wp\/v2\/product\/11646","targetHints":{"allow":["GET"]}}],"collection":[{"href":"https:\/\/peekandpack.com\/es\/wp-json\/wp\/v2\/product"}],"about":[{"href":"https:\/\/peekandpack.com\/es\/wp-json\/wp\/v2\/types\/product"}],"replies":[{"embeddable":true,"href":"https:\/\/peekandpack.com\/es\/wp-json\/wp\/v2\/comments?post=11646"}],"wp:featuredmedia":[{"embeddable":true,"href":"https:\/\/peekandpack.com\/es\/wp-json\/wp\/v2\/media\/11639"}],"wp:attachment":[{"href":"https:\/\/peekandpack.com\/es\/wp-json\/wp\/v2\/media?parent=11646"}],"wp:term":[{"taxonomy":"post_tag","embeddable":true,"href":"https:\/\/peekandpack.com\/es\/wp-json\/wp\/v2\/tags?post=11646"},{"taxonomy":"product_brand","embeddable":true,"href":"https:\/\/peekandpack.com\/es\/wp-json\/wp\/v2\/product_brand?post=11646"},{"taxonomy":"product_cat","embeddable":true,"href":"https:\/\/peekandpack.com\/es\/wp-json\/wp\/v2\/product_cat?post=11646"}],"curies":[{"name":"wp","href":"https:\/\/api.w.org\/{rel}","templated":true}]}}