{"id":11477,"date":"2021-02-03T17:50:15","date_gmt":"2021-02-03T17:53:32","guid":{"rendered":"https:\/\/peekandpack.com\/?post_type=product&#038;p=11477"},"modified":"2022-06-07T09:53:01","modified_gmt":"2022-06-07T09:53:01","slug":"papel-pintado-cottage-de-bien-fait","status":"publish","type":"product","link":"https:\/\/peekandpack.com\/es\/producto\/papel-pintado-cottage-de-bien-fait\/","title":{"rendered":"Papel Pintado Cottage de Bien Fait"},"content":{"rendered":"<p>Monika Forsberg para Bien Fait Paris.<\/p>\n<p>Un estampado floral, fresco e impregnado de una ingenuidad que te har\u00e1 sentir bien. Monika Forsberg, artista sueca pero adoptada por Londres, firma aqu\u00ed un All over country para Bien Fait. Un dibujo pintado al gouache, buc\u00f3lico disponible en siete colores, cada uno m\u00e1s agradable que el anterior.<\/p>\n<p>Este papel pintado est\u00e1 disponible en Tama\u00f1o: L.180 x H.280 cm (3 paneles de 60cm x H.280cm)<\/p>\n<p>Para otras medidas a consultar.<\/p>\n<p>Entrega 3 \u00f3 4 semanas. (Europa)<\/p>\n","protected":false},"excerpt":{"rendered":"<p>Papel Pintado Cottage<\/p>\n","protected":false},"featured_media":11404,"comment_status":"closed","ping_status":"closed","template":"","meta":[],"tags":[],"product_brand":[],"product_cat":[49,27,96,18,17],"class_list":{"0":"post-11477","1":"product","2":"type-product","3":"status-publish","4":"has-post-thumbnail","6":"product_cat-decotextiles-es","7":"product_cat-plus250","8":"product_cat-papel-pintado","9":"product_cat-peek","10":"product_cat-currentmonth","11":"product_shipping_class-standard-shipping-es","13":"first","14":"instock","15":"taxable","16":"shipping-taxable","17":"purchasable","18":"product-type-variable"},"_links":{"self":[{"href":"https:\/\/peekandpack.com\/es\/wp-json\/wp\/v2\/product\/11477","targetHints":{"allow":["GET"]}}],"collection":[{"href":"https:\/\/peekandpack.com\/es\/wp-json\/wp\/v2\/product"}],"about":[{"href":"https:\/\/peekandpack.com\/es\/wp-json\/wp\/v2\/types\/product"}],"replies":[{"embeddable":true,"href":"https:\/\/peekandpack.com\/es\/wp-json\/wp\/v2\/comments?post=11477"}],"wp:featuredmedia":[{"embeddable":true,"href":"https:\/\/peekandpack.com\/es\/wp-json\/wp\/v2\/media\/11404"}],"wp:attachment":[{"href":"https:\/\/peekandpack.com\/es\/wp-json\/wp\/v2\/media?parent=11477"}],"wp:term":[{"taxonomy":"post_tag","embeddable":true,"href":"https:\/\/peekandpack.com\/es\/wp-json\/wp\/v2\/tags?post=11477"},{"taxonomy":"product_brand","embeddable":true,"href":"https:\/\/peekandpack.com\/es\/wp-json\/wp\/v2\/product_brand?post=11477"},{"taxonomy":"product_cat","embeddable":true,"href":"https:\/\/peekandpack.com\/es\/wp-json\/wp\/v2\/product_cat?post=11477"}],"curies":[{"name":"wp","href":"https:\/\/api.w.org\/{rel}","templated":true}]}}