{"id":11462,"date":"2021-02-03T17:14:32","date_gmt":"2021-02-03T17:18:23","guid":{"rendered":"https:\/\/peekandpack.com\/?post_type=product&#038;p=11462"},"modified":"2021-02-03T17:25:17","modified_gmt":"2021-02-03T17:25:17","slug":"papel-pintado-acuatico-de-sian-zeng","status":"publish","type":"product","link":"https:\/\/peekandpack.com\/es\/producto\/papel-pintado-acuatico-de-sian-zeng\/","title":{"rendered":"PAPEL PINTADO ACU\u00c1TICO DE SIAN ZENG"},"content":{"rendered":"<p>Papel pintado de peces dise\u00f1o de Sian Zeng se reproduce aut\u00e9nticamente a partir de obras de arte originales en un lujoso material no tejido. Como resultado, las calidades tonales de este papel pintado son casi indistinguibles de los papeles pintados a mano.<\/p>\n<p>PAPEL PINTADO ACU\u00c1TICO M\u00c1GICO<\/p>\n<p>TAMA\u00d1O DEL PAPEL TAPIZ: W: 70CM (27.6 INS) X L: 10M (11 YDS)<\/p>\n<p>TAMA\u00d1O DE REPETICI\u00d3N: 75 CM (29,5 INS) MEDIA GOTA<\/p>\n<p>MATERIAL NO TEJIDO F\u00c1CIL DE APLICAR<\/p>\n<p>Entregas en Europa en 3 &#8211; 4 d\u00edas.<\/p>\n","protected":false},"excerpt":{"rendered":"<p>Papel Pintado Peces de Sian Zeng<\/p>\n","protected":false},"featured_media":11453,"comment_status":"closed","ping_status":"closed","template":"","meta":[],"tags":[],"product_brand":[],"product_cat":[49,26,96,18,17],"class_list":{"0":"post-11462","1":"product","2":"type-product","3":"status-publish","4":"has-post-thumbnail","6":"product_cat-decotextiles-es","7":"product_cat-minus240","8":"product_cat-papel-pintado","9":"product_cat-peek","10":"product_cat-currentmonth","11":"product_shipping_class-standard-shipping-es","13":"first","14":"instock","15":"taxable","16":"shipping-taxable","17":"purchasable","18":"product-type-variable"},"_links":{"self":[{"href":"https:\/\/peekandpack.com\/es\/wp-json\/wp\/v2\/product\/11462","targetHints":{"allow":["GET"]}}],"collection":[{"href":"https:\/\/peekandpack.com\/es\/wp-json\/wp\/v2\/product"}],"about":[{"href":"https:\/\/peekandpack.com\/es\/wp-json\/wp\/v2\/types\/product"}],"replies":[{"embeddable":true,"href":"https:\/\/peekandpack.com\/es\/wp-json\/wp\/v2\/comments?post=11462"}],"wp:featuredmedia":[{"embeddable":true,"href":"https:\/\/peekandpack.com\/es\/wp-json\/wp\/v2\/media\/11453"}],"wp:attachment":[{"href":"https:\/\/peekandpack.com\/es\/wp-json\/wp\/v2\/media?parent=11462"}],"wp:term":[{"taxonomy":"post_tag","embeddable":true,"href":"https:\/\/peekandpack.com\/es\/wp-json\/wp\/v2\/tags?post=11462"},{"taxonomy":"product_brand","embeddable":true,"href":"https:\/\/peekandpack.com\/es\/wp-json\/wp\/v2\/product_brand?post=11462"},{"taxonomy":"product_cat","embeddable":true,"href":"https:\/\/peekandpack.com\/es\/wp-json\/wp\/v2\/product_cat?post=11462"}],"curies":[{"name":"wp","href":"https:\/\/api.w.org\/{rel}","templated":true}]}}