{"id":1145,"date":"2014-08-19T09:04:26","date_gmt":"2014-08-19T09:04:26","guid":{"rendered":"http:\/\/peekandpack.com\/?post_type=product&#038;p=1145"},"modified":"2018-06-07T11:06:59","modified_gmt":"2018-06-07T11:06:59","slug":"lampara-infantil-conejo-miffy-lamparas-ninos","status":"publish","type":"product","link":"https:\/\/peekandpack.com\/es\/producto\/lampara-infantil-conejo-miffy-lamparas-ninos\/","title":{"rendered":"Lampara de mesa MIFFY"},"content":{"rendered":"<p>L\u00e1mpara infantil conejo Miffy, l\u00e1mparas ni\u00f1os<\/p>\n<p>Sobre las dunas de un peque\u00f1o pueblo costero del Mar del Norte nace y vive el peque\u00f1o conejo Miffy. Creado por Dick Bruna, nos unimos al simp\u00e1tico conejito para vivir a su lado numerosas aventuras.<\/p>\n<p>Deja que Miffy ilumine su imaginaci\u00f3n!<\/p>\n<p>Color: blanco<\/p>\n<p>Material: Polietileno<\/p>\n<p>Dimensiones (cm): 25L x 25W x 50H<\/p>\n<p>Peso: 2kg<\/p>\n<p>L\u00e1mpara LED<\/p>\n","protected":false},"excerpt":{"rendered":"<p>Ilumina su imaginaci\u00f3n.<\/p>\n","protected":false},"featured_media":1146,"comment_status":"open","ping_status":"closed","template":"","meta":[],"tags":[],"product_brand":[],"product_cat":[50,26,18,53,17],"class_list":{"0":"post-1145","1":"product","2":"type-product","3":"status-publish","4":"has-post-thumbnail","6":"product_cat-lamparas-infantiles","7":"product_cat-minus240","8":"product_cat-peek","9":"product_cat-type-es","10":"product_cat-currentmonth","11":"product_shipping_class-standard-shipping-es","13":"first","14":"instock","15":"taxable","16":"shipping-taxable","17":"purchasable","18":"product-type-simple"},"_links":{"self":[{"href":"https:\/\/peekandpack.com\/es\/wp-json\/wp\/v2\/product\/1145","targetHints":{"allow":["GET"]}}],"collection":[{"href":"https:\/\/peekandpack.com\/es\/wp-json\/wp\/v2\/product"}],"about":[{"href":"https:\/\/peekandpack.com\/es\/wp-json\/wp\/v2\/types\/product"}],"replies":[{"embeddable":true,"href":"https:\/\/peekandpack.com\/es\/wp-json\/wp\/v2\/comments?post=1145"}],"wp:featuredmedia":[{"embeddable":true,"href":"https:\/\/peekandpack.com\/es\/wp-json\/wp\/v2\/media\/1146"}],"wp:attachment":[{"href":"https:\/\/peekandpack.com\/es\/wp-json\/wp\/v2\/media?parent=1145"}],"wp:term":[{"taxonomy":"post_tag","embeddable":true,"href":"https:\/\/peekandpack.com\/es\/wp-json\/wp\/v2\/tags?post=1145"},{"taxonomy":"product_brand","embeddable":true,"href":"https:\/\/peekandpack.com\/es\/wp-json\/wp\/v2\/product_brand?post=1145"},{"taxonomy":"product_cat","embeddable":true,"href":"https:\/\/peekandpack.com\/es\/wp-json\/wp\/v2\/product_cat?post=1145"}],"curies":[{"name":"wp","href":"https:\/\/api.w.org\/{rel}","templated":true}]}}