{"id":10938,"date":"2020-11-30T11:38:26","date_gmt":"2020-11-30T11:42:03","guid":{"rendered":"https:\/\/peekandpack.com\/?post_type=product&#038;p=10938"},"modified":"2021-01-27T16:45:51","modified_gmt":"2021-01-27T16:45:51","slug":"papel-pintado-cheetah-de-little-cabari","status":"publish","type":"product","link":"https:\/\/peekandpack.com\/es\/producto\/papel-pintado-cheetah-de-little-cabari\/","title":{"rendered":"PAPEL PINTADO CHEETAH DE LITTLE CABARI"},"content":{"rendered":"<p>Little Cabari revisiona el estampado de leopardo d\u00e1ndole su toque personal, creando un papel pintado po\u00e9tico y a la vez muy est\u00e9tico. Perfecto para cualquier espacio.<\/p>\n<p>Caracter\u00edsticas de papel mate no tejido:<br \/>\nUnidad de venta: Rollo de 50cm x 10mts (5m2)<br \/>\nConexi\u00f3n vertical 100cm horizontal 50cm<br \/>\nPeso: 150gr \/ m2<br \/>\nComposici\u00f3n: 100% no tejido<br \/>\n\u00cdndice de no fuego: BS1DO (M1)<\/p>\n<p>Plazo de entrega: 1-2 semanas<\/p>\n<p>Hecho en Francia.<\/p>\n<p>Colores: Menta, Granadina, Mostaza y Hielo<\/p>\n","protected":false},"excerpt":{"rendered":"<p>Papel Pintado Leonpardo de Little Cabari<\/p>\n","protected":false},"featured_media":10929,"comment_status":"closed","ping_status":"closed","template":"","meta":[],"tags":[],"product_brand":[],"product_cat":[49,26,96,18,17],"class_list":{"0":"post-10938","1":"product","2":"type-product","3":"status-publish","4":"has-post-thumbnail","6":"product_cat-decotextiles-es","7":"product_cat-minus240","8":"product_cat-papel-pintado","9":"product_cat-peek","10":"product_cat-currentmonth","11":"product_shipping_class-standard-shipping-es","13":"first","14":"instock","15":"taxable","16":"shipping-taxable","17":"purchasable","18":"product-type-variable"},"_links":{"self":[{"href":"https:\/\/peekandpack.com\/es\/wp-json\/wp\/v2\/product\/10938","targetHints":{"allow":["GET"]}}],"collection":[{"href":"https:\/\/peekandpack.com\/es\/wp-json\/wp\/v2\/product"}],"about":[{"href":"https:\/\/peekandpack.com\/es\/wp-json\/wp\/v2\/types\/product"}],"replies":[{"embeddable":true,"href":"https:\/\/peekandpack.com\/es\/wp-json\/wp\/v2\/comments?post=10938"}],"wp:featuredmedia":[{"embeddable":true,"href":"https:\/\/peekandpack.com\/es\/wp-json\/wp\/v2\/media\/10929"}],"wp:attachment":[{"href":"https:\/\/peekandpack.com\/es\/wp-json\/wp\/v2\/media?parent=10938"}],"wp:term":[{"taxonomy":"post_tag","embeddable":true,"href":"https:\/\/peekandpack.com\/es\/wp-json\/wp\/v2\/tags?post=10938"},{"taxonomy":"product_brand","embeddable":true,"href":"https:\/\/peekandpack.com\/es\/wp-json\/wp\/v2\/product_brand?post=10938"},{"taxonomy":"product_cat","embeddable":true,"href":"https:\/\/peekandpack.com\/es\/wp-json\/wp\/v2\/product_cat?post=10938"}],"curies":[{"name":"wp","href":"https:\/\/api.w.org\/{rel}","templated":true}]}}