{"id":10868,"date":"2020-11-10T08:40:10","date_gmt":"2020-11-10T08:42:16","guid":{"rendered":"https:\/\/peekandpack.com\/?post_type=product&#038;p=10868"},"modified":"2022-06-07T09:37:40","modified_gmt":"2022-06-07T09:37:40","slug":"papel-pintado-carlton-azul-de-bien-fait-paris","status":"publish","type":"product","link":"https:\/\/peekandpack.com\/es\/producto\/papel-pintado-carlton-azul-de-bien-fait-paris\/","title":{"rendered":"Papel Pintado Carlton Azul de Bien Fait Par\u00eds"},"content":{"rendered":"<div class=\"woocommerce-tabs wc-tabs-wrapper\">\n<div id=\"tab-description\" class=\"woocommerce-Tabs-panel woocommerce-Tabs-panel--description panel entry-content wc-tab\" role=\"tabpanel\" aria-labelledby=\"tab-title-description\">\n<p>Papel pintado infantil Carlton decoraci\u00f3n de pared<\/p>\n<p>Incre\u00edble papel pintado dise\u00f1o de Bien Fait Par\u00eds. Los m\u00e1s exclusivos papeles ahora disponibles, bajo pedido, en Peek&amp;Pack.<\/p>\n<p>En el precio se incluye un rollo con dos paneles de\u00a0 9 cm de ancho x 280 cm de altura.<\/p>\n<p>Desde Peek&amp;Pack os aconsejamos empapelar una de las paredes de la estancia, y conseguir\u00e1s profundidad y el toque de dise\u00f1o que buscabas.<\/p>\n<p>Ancho total: 180 cm x altura 280cm.<\/p>\n<p>Facil de instalar.<\/p>\n<p>Plazo de entrega: 3-4 semanas<\/p>\n<\/div>\n<\/div>\n<div class=\"woocommerce-product-details__short-description\">\n<p>Los m\u00e1s incre\u00edbles papeles pintados!<\/p>\n<p>Color: azul denim<\/p>\n<\/div>\n","protected":false},"excerpt":{"rendered":"<p>Papel Pintado Carlton Azul de Bien Fait Par\u00eds<\/p>\n","protected":false},"featured_media":10861,"comment_status":"closed","ping_status":"closed","template":"","meta":[],"tags":[],"product_brand":[],"product_cat":[49,27,96,18,17],"class_list":{"0":"post-10868","1":"product","2":"type-product","3":"status-publish","4":"has-post-thumbnail","6":"product_cat-decotextiles-es","7":"product_cat-plus250","8":"product_cat-papel-pintado","9":"product_cat-peek","10":"product_cat-currentmonth","11":"product_shipping_class-standard-shipping-es","13":"first","14":"instock","15":"taxable","16":"shipping-taxable","17":"purchasable","18":"product-type-simple"},"_links":{"self":[{"href":"https:\/\/peekandpack.com\/es\/wp-json\/wp\/v2\/product\/10868","targetHints":{"allow":["GET"]}}],"collection":[{"href":"https:\/\/peekandpack.com\/es\/wp-json\/wp\/v2\/product"}],"about":[{"href":"https:\/\/peekandpack.com\/es\/wp-json\/wp\/v2\/types\/product"}],"replies":[{"embeddable":true,"href":"https:\/\/peekandpack.com\/es\/wp-json\/wp\/v2\/comments?post=10868"}],"wp:featuredmedia":[{"embeddable":true,"href":"https:\/\/peekandpack.com\/es\/wp-json\/wp\/v2\/media\/10861"}],"wp:attachment":[{"href":"https:\/\/peekandpack.com\/es\/wp-json\/wp\/v2\/media?parent=10868"}],"wp:term":[{"taxonomy":"post_tag","embeddable":true,"href":"https:\/\/peekandpack.com\/es\/wp-json\/wp\/v2\/tags?post=10868"},{"taxonomy":"product_brand","embeddable":true,"href":"https:\/\/peekandpack.com\/es\/wp-json\/wp\/v2\/product_brand?post=10868"},{"taxonomy":"product_cat","embeddable":true,"href":"https:\/\/peekandpack.com\/es\/wp-json\/wp\/v2\/product_cat?post=10868"}],"curies":[{"name":"wp","href":"https:\/\/api.w.org\/{rel}","templated":true}]}}