{"id":10852,"date":"2020-11-05T16:48:52","date_gmt":"2020-11-05T16:51:39","guid":{"rendered":"https:\/\/peekandpack.com\/?post_type=product&#038;p=10852"},"modified":"2021-01-27T16:45:53","modified_gmt":"2021-01-27T16:45:53","slug":"silla-raton-alta-de-nofred","status":"publish","type":"product","link":"https:\/\/peekandpack.com\/es\/producto\/silla-raton-alta-de-nofred\/","title":{"rendered":"Silla Rat\u00f3n alta de NOFRED"},"content":{"rendered":"<p>Dise\u00f1o de silla alta de\u00a0 NOFRED para comedor, especialmente indicado para ni\u00f1os de 3 a 9 a\u00f1os, super segura y funcional.<br \/>\nUna opci\u00f3n sostenible que crece con su hijo<br \/>\nDise\u00f1o\u00a0 es f\u00e1cil de limpiar<br \/>\nUna c\u00f3moda silla alta de madera para ni\u00f1os con reposapi\u00e9s ajustable.<br \/>\nUna silla que\u00a0 no ocupa mucho espacio alrededor de la mesa y que se pueda usar f\u00e1cilmente en la habitaci\u00f3n de los ni\u00f1os si su hijo necesita una silla de escritorio.<\/p>\n<p>Est\u00e1 disponible en los colores; roble, blanco, gris y negro<\/p>\n<p>Dise\u00f1o dan\u00e9s de Nofred, fabricado en Europa<\/p>\n<p>EDAD 3-9 a\u00f1os<\/p>\n<p>MEDIDAS W: 40 x D: 52 x H: 77 cm (altura del asiento: 53 cm y reposapi\u00e9s regulable)<\/p>\n<p>PESO 4,2 kg<\/p>\n<p>MATERIAL Chapa de roble con laca PU mate<\/p>\n<p>PA\u00cdS DE ORIGEN Letonia, producci\u00f3n sostenible en Europa<\/p>\n<p>CUIDADO Limpiar con un pa\u00f1o limpio y h\u00famedo. Use un jab\u00f3n suave en las marcas rebeldes antes de eliminar los residuos. Evite frotar y productos que contengan amoniaco.<\/p>\n<p>SEGURIDAD: Normas europeas EN 17191: 2017<\/p>\n<p>Entrega en 8 \u00f3 10 d\u00edas.<\/p>\n","protected":false},"excerpt":{"rendered":"<p>Silla alta de NOFRED<\/p>\n","protected":false},"featured_media":10843,"comment_status":"closed","ping_status":"closed","template":"","meta":[],"tags":[],"product_brand":[],"product_cat":[27,55,18,17],"class_list":{"0":"post-10852","1":"product","2":"type-product","3":"status-publish","4":"has-post-thumbnail","6":"product_cat-plus250","7":"product_cat-mobiliario-infantil","8":"product_cat-peek","9":"product_cat-currentmonth","10":"product_shipping_class-standard-shipping-es","12":"first","13":"instock","14":"taxable","15":"shipping-taxable","16":"purchasable","17":"product-type-variable"},"_links":{"self":[{"href":"https:\/\/peekandpack.com\/es\/wp-json\/wp\/v2\/product\/10852","targetHints":{"allow":["GET"]}}],"collection":[{"href":"https:\/\/peekandpack.com\/es\/wp-json\/wp\/v2\/product"}],"about":[{"href":"https:\/\/peekandpack.com\/es\/wp-json\/wp\/v2\/types\/product"}],"replies":[{"embeddable":true,"href":"https:\/\/peekandpack.com\/es\/wp-json\/wp\/v2\/comments?post=10852"}],"wp:featuredmedia":[{"embeddable":true,"href":"https:\/\/peekandpack.com\/es\/wp-json\/wp\/v2\/media\/10843"}],"wp:attachment":[{"href":"https:\/\/peekandpack.com\/es\/wp-json\/wp\/v2\/media?parent=10852"}],"wp:term":[{"taxonomy":"post_tag","embeddable":true,"href":"https:\/\/peekandpack.com\/es\/wp-json\/wp\/v2\/tags?post=10852"},{"taxonomy":"product_brand","embeddable":true,"href":"https:\/\/peekandpack.com\/es\/wp-json\/wp\/v2\/product_brand?post=10852"},{"taxonomy":"product_cat","embeddable":true,"href":"https:\/\/peekandpack.com\/es\/wp-json\/wp\/v2\/product_cat?post=10852"}],"curies":[{"name":"wp","href":"https:\/\/api.w.org\/{rel}","templated":true}]}}