{"id":10721,"date":"2020-09-16T10:15:38","date_gmt":"2020-09-16T10:22:41","guid":{"rendered":"https:\/\/peekandpack.com\/?post_type=product&#038;p=10721"},"modified":"2021-01-27T16:45:58","modified_gmt":"2021-01-27T16:45:58","slug":"set-mesa-silla-raton-de-nofred-6-10-anos","status":"publish","type":"product","link":"https:\/\/peekandpack.com\/es\/producto\/set-mesa-silla-raton-de-nofred-6-10-anos\/","title":{"rendered":"Set Mesa + silla Rat\u00f3n de NOFRED 6-10 a\u00f1os"},"content":{"rendered":"<p>UN ESPACIO PARA ESTUDIAR, PARA LA CREATIVIDAD&#8230;<\/p>\n<p>&nbsp;<\/p>\n<p>Proporci\u00f3nale a tu hijo o hija un espacio en casa para la creatividad, para sus estudios, para sus juegos&#8230;<\/p>\n<p>Mouse School Set es una soluci\u00f3n\u00a0 f\u00e1cil de mover dependiendo de d\u00f3nde quiera estar el ni\u00f1o o la ni\u00f1a mientras trabaja o es creativo, e igualmente puede y quiere estar cerca de ti. Crea valor para toda la familia con un dise\u00f1o de madera de alta calidad adecuado para la vida cotidiana y una superficie f\u00e1cil de limpiar. Una pieza que ir\u00e1 pasando a los hermanos menores, o que har\u00e1 las veces de mesita de noche y mesa de trabajo al mismo tiempo. Sin duda, un dise\u00f1o pensado para durar en el tiempo.<\/p>\n<p>Ser\u00e1 la mejor forma de ir cre\u00e1ndoles el h\u00e1bito de estudio.<br \/>\nViene en 1 caja: 1 silla escolar, 1 mesa escolar.<br \/>\nA los ni\u00f1os les encanta tener un espacio\u00a0 de trabajo para todas las cosas con las que disfrutan; bol\u00edgrafos, l\u00e1pices, papel, libros para colorear, puzzles, juegos de cartas, Lego, o lo que m\u00e1s les guste, por eso la mesa tiene un tama\u00f1o para hacerlo posible.<\/p>\n<p>Hay espacio para 4 sillas alrededor de la mesa, por lo que puedes agregar m\u00e1s sillas por\u00a0 el camino.<\/p>\n<p>Elige entre acabado roble, color blanco, gris o negro.<\/p>\n<p>\/ Dise\u00f1o dan\u00e9s de Nofred<\/p>\n<p>EDAD 6-10 a\u00f1os<br \/>\nMEDIDAS SILLA: L: 49 x P: 33 H: 64 cm (altura del asiento: 40 cm)<br \/>\nMESA: Ancho: 76 x Fondo: 61 x Alto: 58 cm<br \/>\nPESO 10,5 kg<br \/>\nMATERIAL Chapa de roble con laca PU mate<br \/>\nPA\u00cdS DE ORIGEN Letonia<br \/>\nCUIDADO F\u00e1cil de limpiar con un pa\u00f1o h\u00famedo. Evite los productos que contienen amon\u00edaco<br \/>\nPRESIDENTE DE LAS NORMAS EUROPEAS: EN 17191: 2017 TABLA: EN 15372: 2016<\/p>\n<p>&nbsp;<\/p>\n<p>PLAZO DE ENTREGA: 2 semanas.<\/p>\n","protected":false},"excerpt":{"rendered":"<p>Set Mesa + Silla de NOFRED<\/p>\n","protected":false},"featured_media":10714,"comment_status":"closed","ping_status":"closed","template":"","meta":[],"tags":[],"product_brand":[],"product_cat":[27,55,18,17],"class_list":{"0":"post-10721","1":"product","2":"type-product","3":"status-publish","4":"has-post-thumbnail","6":"product_cat-plus250","7":"product_cat-mobiliario-infantil","8":"product_cat-peek","9":"product_cat-currentmonth","10":"product_shipping_class-standard-shipping-es","12":"first","13":"instock","14":"taxable","15":"shipping-taxable","16":"purchasable","17":"product-type-variable"},"_links":{"self":[{"href":"https:\/\/peekandpack.com\/es\/wp-json\/wp\/v2\/product\/10721","targetHints":{"allow":["GET"]}}],"collection":[{"href":"https:\/\/peekandpack.com\/es\/wp-json\/wp\/v2\/product"}],"about":[{"href":"https:\/\/peekandpack.com\/es\/wp-json\/wp\/v2\/types\/product"}],"replies":[{"embeddable":true,"href":"https:\/\/peekandpack.com\/es\/wp-json\/wp\/v2\/comments?post=10721"}],"wp:featuredmedia":[{"embeddable":true,"href":"https:\/\/peekandpack.com\/es\/wp-json\/wp\/v2\/media\/10714"}],"wp:attachment":[{"href":"https:\/\/peekandpack.com\/es\/wp-json\/wp\/v2\/media?parent=10721"}],"wp:term":[{"taxonomy":"post_tag","embeddable":true,"href":"https:\/\/peekandpack.com\/es\/wp-json\/wp\/v2\/tags?post=10721"},{"taxonomy":"product_brand","embeddable":true,"href":"https:\/\/peekandpack.com\/es\/wp-json\/wp\/v2\/product_brand?post=10721"},{"taxonomy":"product_cat","embeddable":true,"href":"https:\/\/peekandpack.com\/es\/wp-json\/wp\/v2\/product_cat?post=10721"}],"curies":[{"name":"wp","href":"https:\/\/api.w.org\/{rel}","templated":true}]}}