{"id":10651,"date":"2020-07-08T18:15:48","date_gmt":"2020-07-08T18:19:45","guid":{"rendered":"https:\/\/peekandpack.com\/?post_type=product&#038;p=10651"},"modified":"2022-08-10T17:25:47","modified_gmt":"2022-08-10T17:25:47","slug":"cama-junior-sebra","status":"publish","type":"product","link":"https:\/\/peekandpack.com\/es\/producto\/cama-junior-sebra\/","title":{"rendered":"Cama Junior Sebra"},"content":{"rendered":"<p>Modelo nuevo de cama dise\u00f1o de Sebra, pensada para seguir creciendo con los m\u00e1s peque\u00f1os.<\/p>\n<p>Un modelo de cama de adaptaci\u00f3n, de largo 165cm pasa a convertirse en largo 204m, un modelo de cama individual, est\u00e1ndar en tama\u00f1o adulto.<\/p>\n<p>La transici\u00f3n a una cama nueva y m\u00e1s grande puede ser un desaf\u00edo para algunos ni\u00f1os. Una de las ideas b\u00e1sicas detr\u00e1s del lenguaje de dise\u00f1o reconocible de la cama incluye el deseo de proporcionar al ni\u00f1o una transici\u00f3n segura de la cama Baby &amp; Jr. a la cama Junior &amp; Grow.<\/p>\n<p>Material: madera de abedul<br \/>\nLongitud: 165\/204 cm<br \/>\nAncho: 90 cm.<br \/>\nAltura: 68 cm.<br \/>\nLongitud de extensi\u00f3n 204 cm.<\/p>\n<p>Env\u00edo solo para Espa\u00f1a.<\/p>\n<p>Plazo de entrega 3 semanas.<\/p>\n","protected":false},"excerpt":{"rendered":"<p>Cama junior Sebra<\/p>\n","protected":false},"featured_media":10648,"comment_status":"closed","ping_status":"closed","template":"","meta":[],"tags":[],"product_brand":[],"product_cat":[19,27,55,17],"class_list":{"0":"post-10651","1":"product","2":"type-product","3":"status-publish","4":"has-post-thumbnail","6":"product_cat-comingsoon","7":"product_cat-plus250","8":"product_cat-mobiliario-infantil","9":"product_cat-currentmonth","10":"product_shipping_class-furniture-65-es","12":"first","13":"instock","14":"taxable","15":"shipping-taxable","16":"purchasable","17":"product-type-simple"},"_links":{"self":[{"href":"https:\/\/peekandpack.com\/es\/wp-json\/wp\/v2\/product\/10651","targetHints":{"allow":["GET"]}}],"collection":[{"href":"https:\/\/peekandpack.com\/es\/wp-json\/wp\/v2\/product"}],"about":[{"href":"https:\/\/peekandpack.com\/es\/wp-json\/wp\/v2\/types\/product"}],"replies":[{"embeddable":true,"href":"https:\/\/peekandpack.com\/es\/wp-json\/wp\/v2\/comments?post=10651"}],"wp:featuredmedia":[{"embeddable":true,"href":"https:\/\/peekandpack.com\/es\/wp-json\/wp\/v2\/media\/10648"}],"wp:attachment":[{"href":"https:\/\/peekandpack.com\/es\/wp-json\/wp\/v2\/media?parent=10651"}],"wp:term":[{"taxonomy":"post_tag","embeddable":true,"href":"https:\/\/peekandpack.com\/es\/wp-json\/wp\/v2\/tags?post=10651"},{"taxonomy":"product_brand","embeddable":true,"href":"https:\/\/peekandpack.com\/es\/wp-json\/wp\/v2\/product_brand?post=10651"},{"taxonomy":"product_cat","embeddable":true,"href":"https:\/\/peekandpack.com\/es\/wp-json\/wp\/v2\/product_cat?post=10651"}],"curies":[{"name":"wp","href":"https:\/\/api.w.org\/{rel}","templated":true}]}}