{"id":10617,"date":"2020-07-03T17:51:23","date_gmt":"2020-07-03T17:53:07","guid":{"rendered":"https:\/\/peekandpack.com\/?post_type=product&#038;p=10617"},"modified":"2022-04-04T09:08:16","modified_gmt":"2022-04-04T09:08:16","slug":"papel-pintado-piscina-kaki-de-les-dessines","status":"publish","type":"product","link":"https:\/\/peekandpack.com\/es\/producto\/papel-pintado-piscina-kaki-de-les-dessines\/","title":{"rendered":"Papel Pintado Piscina Kaki de Les Dessin\u00e9s"},"content":{"rendered":"<p>La piscina esa\u00a0 utop\u00eda de veraniega, un peque\u00f1o y exuberante mundo ideal poblado por tumbonas y perros felices, el ojo vaga en\u00a0 este peque\u00f1o para\u00edso colorido y siempre encuentra<br \/>\ndetalles nuevos.<\/p>\n<p>Dise\u00f1os creados a mano y de forma totalmente artesanal.<\/p>\n<p>Ideal en una habitaci\u00f3n infantil, los m\u00e1s peque\u00f1os crear\u00e1n su propio mundo en torno a mil historias.<\/p>\n<p>Disponible en diferentes medidas:<\/p>\n<p>&nbsp;<\/p>\n<p>2 Paneles: 204cm x H.280cm<\/p>\n<p>3 Paneles: 306cm x H280 cm<\/p>\n<p>Plazo de entrega 4 semanas.<\/p>\n<p>Color Kaki<\/p>\n<p>Hecho en Francia<\/p>\n","protected":false},"excerpt":{"rendered":"<p>Papel Pintado Piscina Kaki<\/p>\n","protected":false},"featured_media":10616,"comment_status":"closed","ping_status":"closed","template":"","meta":[],"tags":[],"product_brand":[],"product_cat":[49,27,26,96,18,17],"class_list":{"0":"post-10617","1":"product","2":"type-product","3":"status-publish","4":"has-post-thumbnail","6":"product_cat-decotextiles-es","7":"product_cat-plus250","8":"product_cat-minus240","9":"product_cat-papel-pintado","10":"product_cat-peek","11":"product_cat-currentmonth","12":"product_shipping_class-standard-shipping-es","14":"first","15":"instock","16":"taxable","17":"shipping-taxable","18":"purchasable","19":"product-type-variable"},"_links":{"self":[{"href":"https:\/\/peekandpack.com\/es\/wp-json\/wp\/v2\/product\/10617","targetHints":{"allow":["GET"]}}],"collection":[{"href":"https:\/\/peekandpack.com\/es\/wp-json\/wp\/v2\/product"}],"about":[{"href":"https:\/\/peekandpack.com\/es\/wp-json\/wp\/v2\/types\/product"}],"replies":[{"embeddable":true,"href":"https:\/\/peekandpack.com\/es\/wp-json\/wp\/v2\/comments?post=10617"}],"wp:featuredmedia":[{"embeddable":true,"href":"https:\/\/peekandpack.com\/es\/wp-json\/wp\/v2\/media\/10616"}],"wp:attachment":[{"href":"https:\/\/peekandpack.com\/es\/wp-json\/wp\/v2\/media?parent=10617"}],"wp:term":[{"taxonomy":"post_tag","embeddable":true,"href":"https:\/\/peekandpack.com\/es\/wp-json\/wp\/v2\/tags?post=10617"},{"taxonomy":"product_brand","embeddable":true,"href":"https:\/\/peekandpack.com\/es\/wp-json\/wp\/v2\/product_brand?post=10617"},{"taxonomy":"product_cat","embeddable":true,"href":"https:\/\/peekandpack.com\/es\/wp-json\/wp\/v2\/product_cat?post=10617"}],"curies":[{"name":"wp","href":"https:\/\/api.w.org\/{rel}","templated":true}]}}