{"id":10554,"date":"2020-07-03T16:50:47","date_gmt":"2020-07-03T16:53:33","guid":{"rendered":"https:\/\/peekandpack.com\/?post_type=product&#038;p=10554"},"modified":"2021-02-08T13:14:19","modified_gmt":"2021-02-08T13:14:19","slug":"cama-dulces-suenos-de-in2wood","status":"publish","type":"product","link":"https:\/\/peekandpack.com\/es\/producto\/cama-dulces-suenos-de-in2wood\/","title":{"rendered":"Cama Dulces Sue\u00f1os de In2Wood"},"content":{"rendered":"<p>Perfecto dise\u00f1o de cama para ni\u00f1os de 2 a 99 a\u00f1os, de In2Wood. Elige tu color!<\/p>\n<p>Materiales<br \/>\nContrachapado de abedul barnizado<br \/>\nAluminio con recubrimiento en polvo<br \/>\nMarco de listones curvos<br \/>\nGrupo de edad<br \/>\n2 hasta 99 a\u00f1os<\/p>\n<p>Tama\u00f1os y peso<br \/>\n205cm x 95cm x 54cm (largo x ancho x alto)<br \/>\nPara un colch\u00f3n de 2000 mm x 900 cm.<br \/>\n18 kg<\/p>\n<p>Opciones: Menta, Blanco, Azul, Rosa, Amarillo, Verde y Negro<\/p>\n<p>Envios solo a Europa.<\/p>\n<p>Precio del env\u00edo a consultar, var\u00eda en funci\u00f3n de la direcci\u00f3n.<\/p>\n","protected":false},"excerpt":{"rendered":"<p>Cama dulces sue\u00f1os de In2Wood<\/p>\n","protected":false},"featured_media":10549,"comment_status":"closed","ping_status":"closed","template":"","meta":[],"tags":[],"product_brand":[],"product_cat":[27,55,18,17],"class_list":{"0":"post-10554","1":"product","2":"type-product","3":"status-publish","4":"has-post-thumbnail","6":"product_cat-plus250","7":"product_cat-mobiliario-infantil","8":"product_cat-peek","9":"product_cat-currentmonth","10":"product_shipping_class-furniture-100-es","12":"first","13":"instock","14":"taxable","15":"shipping-taxable","16":"purchasable","17":"product-type-variable"},"_links":{"self":[{"href":"https:\/\/peekandpack.com\/es\/wp-json\/wp\/v2\/product\/10554","targetHints":{"allow":["GET"]}}],"collection":[{"href":"https:\/\/peekandpack.com\/es\/wp-json\/wp\/v2\/product"}],"about":[{"href":"https:\/\/peekandpack.com\/es\/wp-json\/wp\/v2\/types\/product"}],"replies":[{"embeddable":true,"href":"https:\/\/peekandpack.com\/es\/wp-json\/wp\/v2\/comments?post=10554"}],"wp:featuredmedia":[{"embeddable":true,"href":"https:\/\/peekandpack.com\/es\/wp-json\/wp\/v2\/media\/10549"}],"wp:attachment":[{"href":"https:\/\/peekandpack.com\/es\/wp-json\/wp\/v2\/media?parent=10554"}],"wp:term":[{"taxonomy":"post_tag","embeddable":true,"href":"https:\/\/peekandpack.com\/es\/wp-json\/wp\/v2\/tags?post=10554"},{"taxonomy":"product_brand","embeddable":true,"href":"https:\/\/peekandpack.com\/es\/wp-json\/wp\/v2\/product_brand?post=10554"},{"taxonomy":"product_cat","embeddable":true,"href":"https:\/\/peekandpack.com\/es\/wp-json\/wp\/v2\/product_cat?post=10554"}],"curies":[{"name":"wp","href":"https:\/\/api.w.org\/{rel}","templated":true}]}}