{"id":10511,"date":"2020-06-11T17:41:33","date_gmt":"2020-06-11T17:44:24","guid":{"rendered":"https:\/\/peekandpack.com\/?post_type=product&#038;p=10511"},"modified":"2021-01-27T16:46:02","modified_gmt":"2021-01-27T16:46:02","slug":"libro-youre-invited","status":"publish","type":"product","link":"https:\/\/peekandpack.com\/es\/producto\/libro-youre-invited\/","title":{"rendered":"Libro YOU&#8217;RE INVITED !"},"content":{"rendered":"<p>DISE\u00d1O DE INVITACI\u00d3N PARA CADA OCASI\u00d3N<br \/>\nLas invitaciones brindan el toque personal perfecto para todo, desde eventos privados hasta noches de apertura. \u00a1Est\u00e1s invitado! es la gu\u00eda definitiva de este medio vers\u00e1til y encantador.<\/p>\n<p>Idioma: Ingl\u00e9s<br \/>\nEditores: Gestalten<br \/>\nFecha de lanzamiento: agosto de 2017<br \/>\nFormato: 24 \u00d7 30 cm.<br \/>\nCaracter\u00edsticas: a todo color, tapa dura, encuadernaci\u00f3n con puntadas, 256 p\u00e1ginas<\/p>\n<p>ENV\u00cdO GRATIS: usa el c\u00f3digo envio_gratis_libros (SOLO PARA ESPA\u00d1A)<\/p>\n","protected":false},"excerpt":{"rendered":"<p>YOU&#8217;RE INVITED!<\/p>\n","protected":false},"featured_media":10508,"comment_status":"closed","ping_status":"closed","template":"","meta":[],"tags":[],"product_brand":[],"product_cat":[51,25,18,17],"class_list":{"0":"post-10511","1":"product","2":"type-product","3":"status-publish","4":"has-post-thumbnail","6":"product_cat-juguetes-originales","7":"product_cat-minus90","8":"product_cat-peek","9":"product_cat-currentmonth","10":"product_shipping_class-standard-shipping-es","12":"first","13":"instock","14":"taxable","15":"shipping-taxable","16":"purchasable","17":"product-type-simple"},"_links":{"self":[{"href":"https:\/\/peekandpack.com\/es\/wp-json\/wp\/v2\/product\/10511","targetHints":{"allow":["GET"]}}],"collection":[{"href":"https:\/\/peekandpack.com\/es\/wp-json\/wp\/v2\/product"}],"about":[{"href":"https:\/\/peekandpack.com\/es\/wp-json\/wp\/v2\/types\/product"}],"replies":[{"embeddable":true,"href":"https:\/\/peekandpack.com\/es\/wp-json\/wp\/v2\/comments?post=10511"}],"wp:featuredmedia":[{"embeddable":true,"href":"https:\/\/peekandpack.com\/es\/wp-json\/wp\/v2\/media\/10508"}],"wp:attachment":[{"href":"https:\/\/peekandpack.com\/es\/wp-json\/wp\/v2\/media?parent=10511"}],"wp:term":[{"taxonomy":"post_tag","embeddable":true,"href":"https:\/\/peekandpack.com\/es\/wp-json\/wp\/v2\/tags?post=10511"},{"taxonomy":"product_brand","embeddable":true,"href":"https:\/\/peekandpack.com\/es\/wp-json\/wp\/v2\/product_brand?post=10511"},{"taxonomy":"product_cat","embeddable":true,"href":"https:\/\/peekandpack.com\/es\/wp-json\/wp\/v2\/product_cat?post=10511"}],"curies":[{"name":"wp","href":"https:\/\/api.w.org\/{rel}","templated":true}]}}