{"id":10343,"date":"2020-04-29T09:58:34","date_gmt":"2020-04-29T10:00:45","guid":{"rendered":"https:\/\/peekandpack.com\/?post_type=product&#038;p=10343"},"modified":"2022-06-07T10:12:40","modified_gmt":"2022-06-07T10:12:40","slug":"papel-pintado-audrey-de-bien-fait","status":"publish","type":"product","link":"https:\/\/peekandpack.com\/es\/producto\/papel-pintado-audrey-de-bien-fait\/","title":{"rendered":"Papel Pintado Audrey de Bien Fait"},"content":{"rendered":"<p>Otro maravilloso dise\u00f1o de la artista\u00a0 estadounidense Audrey Helen Weber para Bien Fait.<br \/>\nElla ha imaginado flores reales e imaginarias, serias y sexys, para que Bien fait pueda crear un jard\u00edn \u00fanico, campechano y ligeramente psicod\u00e9lico.<br \/>\nFormato est\u00e1ndar L.360 x H 280 cm<\/p>\n<p>Formato est\u00e1ndar L.180 x H 280 cm Oeste (lado izquierdo)<\/p>\n<p>Formato est\u00e1ndar L.180 x H.280 cm Este (lado derecho)<\/p>\n<p>Papel pintado no tejido<br \/>\n&#8211; 147 g \/ m2<br \/>\n&#8211; tintas con certificaci\u00f3n ecol\u00f3gica (Greenguard), A +<br \/>\n&#8211; retardante de llama B-s1-d0<br \/>\n&#8211; Sin PVC, certificado FSC, sin VOC<br \/>\n&#8211; tacto suave y renderizado mate<br \/>\n&#8211; resistente a ara\u00f1azos, golpes y rasgaduras<\/p>\n<p>Entrega: 3 \u00f3 4 semanas<\/p>\n<p>Hecho en Francia.<\/p>\n","protected":false},"excerpt":{"rendered":"<p>Otro maravilloso dise\u00f1o de la artista\u00a0 estadounidense Audrey Helen Weber para Bien Fait. Ella ha imaginado flores reales e imaginarias, serias y sexys, para que Bien fait pueda crear un jard\u00edn \u00fanico, campechano y ligeramente psicod\u00e9lico. Formato est\u00e1ndar L.360 x H 280 cm Formato est\u00e1ndar L.180 x H 280 cm Oeste (lado izquierdo) Formato est\u00e1ndar&#8230;  <a class=\"excerpt-read-more\" href=\"https:\/\/peekandpack.com\/es\/producto\/papel-pintado-audrey-de-bien-fait\/\" title=\"Read Papel Pintado Audrey de Bien Fait\">Leer m\u00e1s &raquo;<\/a><\/p>\n","protected":false},"featured_media":10336,"comment_status":"closed","ping_status":"closed","template":"","meta":[],"tags":[],"product_brand":[],"product_cat":[49,27,96,18,17],"class_list":{"0":"post-10343","1":"product","2":"type-product","3":"status-publish","4":"has-post-thumbnail","6":"product_cat-decotextiles-es","7":"product_cat-plus250","8":"product_cat-papel-pintado","9":"product_cat-peek","10":"product_cat-currentmonth","11":"product_shipping_class-standard-shipping-es","13":"first","14":"instock","15":"taxable","16":"shipping-taxable","17":"purchasable","18":"product-type-variable"},"_links":{"self":[{"href":"https:\/\/peekandpack.com\/es\/wp-json\/wp\/v2\/product\/10343","targetHints":{"allow":["GET"]}}],"collection":[{"href":"https:\/\/peekandpack.com\/es\/wp-json\/wp\/v2\/product"}],"about":[{"href":"https:\/\/peekandpack.com\/es\/wp-json\/wp\/v2\/types\/product"}],"replies":[{"embeddable":true,"href":"https:\/\/peekandpack.com\/es\/wp-json\/wp\/v2\/comments?post=10343"}],"wp:featuredmedia":[{"embeddable":true,"href":"https:\/\/peekandpack.com\/es\/wp-json\/wp\/v2\/media\/10336"}],"wp:attachment":[{"href":"https:\/\/peekandpack.com\/es\/wp-json\/wp\/v2\/media?parent=10343"}],"wp:term":[{"taxonomy":"post_tag","embeddable":true,"href":"https:\/\/peekandpack.com\/es\/wp-json\/wp\/v2\/tags?post=10343"},{"taxonomy":"product_brand","embeddable":true,"href":"https:\/\/peekandpack.com\/es\/wp-json\/wp\/v2\/product_brand?post=10343"},{"taxonomy":"product_cat","embeddable":true,"href":"https:\/\/peekandpack.com\/es\/wp-json\/wp\/v2\/product_cat?post=10343"}],"curies":[{"name":"wp","href":"https:\/\/api.w.org\/{rel}","templated":true}]}}