{"id":10279,"date":"2020-04-25T19:04:17","date_gmt":"2020-04-25T19:06:31","guid":{"rendered":"https:\/\/peekandpack.com\/?post_type=product&#038;p=10279"},"modified":"2021-01-27T16:46:08","modified_gmt":"2021-01-27T16:46:08","slug":"papel-pintado-pajaros-de-bien-fait","status":"publish","type":"product","link":"https:\/\/peekandpack.com\/es\/producto\/papel-pintado-pajaros-de-bien-fait\/","title":{"rendered":"Papel Pintado P\u00e1jaros de Bien Fait"},"content":{"rendered":"<div class=\"tlid-input input\">\n<div class=\"source-wrap\">\n<div class=\"input-full-height-wrapper tlid-input-full-height-wrapper\">\n<div class=\"source-input\">\n<div class=\"source-footer-wrap source-or-target-footer\">\n<div class=\"character-count tlid-character-count\">\n<div class=\"cc-ctr normal\">Una bandada de veloces p\u00e1jaros de gran tama\u00f1o invaden tus paredes en una migraci\u00f3n salvajemente po\u00e9tica.<\/div>\n<\/div>\n<\/div>\n<\/div>\n<\/div>\n<\/div>\n<\/div>\n<div class=\"tlid-results-container results-container\">\n<div class=\"tlid-result result-dict-wrapper\">\n<div class=\"result tlid-copy-target\">\n<div class=\"text-wrap tlid-copy-target\">\n<div class=\"result-shield-container tlid-copy-target\" tabindex=\"0\"><span class=\"tlid-translation translation\" lang=\"es\"><br \/>\n<span class=\"\" title=\"\">L.180 x H.280 cm (3 paneles de 60cm x H.280cm)<\/span><\/p>\n<p><span title=\"\">Detalles t\u00e9cnicos:<\/span><br \/>\n<span title=\"\">&#8211; Papel pintado no tejido<\/span><br \/>\n<span title=\"\">&#8211; 147 g \/ m2<\/span><br \/>\n<span class=\"\" title=\"\">&#8211; tintas con certificaci\u00f3n ecol\u00f3gica (Greenguard), A +<\/span><br \/>\n<span title=\"\">&#8211; retardante de llama B-s1-d0<\/span><br \/>\n<span class=\"\" title=\"\">&#8211; Sin PVC, certificado FSC, sin VOC<\/span><\/span><\/div>\n<div tabindex=\"0\">Entrega: 8 \u00f3 10 d\u00edas<\/div>\n<div tabindex=\"0\">Colores: blanco, \u00edndigo y celad\u00f3n.<\/div>\n<\/div>\n<\/div>\n<\/div>\n<\/div>\n","protected":false},"excerpt":{"rendered":"<p>Papel Pintado p\u00e1jaros de Bien Fait.<\/p>\n","protected":false},"featured_media":10274,"comment_status":"closed","ping_status":"closed","template":"","meta":[],"tags":[],"product_brand":[],"product_cat":[49,27,96,18,17],"class_list":{"0":"post-10279","1":"product","2":"type-product","3":"status-publish","4":"has-post-thumbnail","6":"product_cat-decotextiles-es","7":"product_cat-plus250","8":"product_cat-papel-pintado","9":"product_cat-peek","10":"product_cat-currentmonth","11":"product_shipping_class-standard-shipping-es","13":"first","14":"instock","15":"taxable","16":"shipping-taxable","17":"purchasable","18":"product-type-variable"},"_links":{"self":[{"href":"https:\/\/peekandpack.com\/es\/wp-json\/wp\/v2\/product\/10279","targetHints":{"allow":["GET"]}}],"collection":[{"href":"https:\/\/peekandpack.com\/es\/wp-json\/wp\/v2\/product"}],"about":[{"href":"https:\/\/peekandpack.com\/es\/wp-json\/wp\/v2\/types\/product"}],"replies":[{"embeddable":true,"href":"https:\/\/peekandpack.com\/es\/wp-json\/wp\/v2\/comments?post=10279"}],"wp:featuredmedia":[{"embeddable":true,"href":"https:\/\/peekandpack.com\/es\/wp-json\/wp\/v2\/media\/10274"}],"wp:attachment":[{"href":"https:\/\/peekandpack.com\/es\/wp-json\/wp\/v2\/media?parent=10279"}],"wp:term":[{"taxonomy":"post_tag","embeddable":true,"href":"https:\/\/peekandpack.com\/es\/wp-json\/wp\/v2\/tags?post=10279"},{"taxonomy":"product_brand","embeddable":true,"href":"https:\/\/peekandpack.com\/es\/wp-json\/wp\/v2\/product_brand?post=10279"},{"taxonomy":"product_cat","embeddable":true,"href":"https:\/\/peekandpack.com\/es\/wp-json\/wp\/v2\/product_cat?post=10279"}],"curies":[{"name":"wp","href":"https:\/\/api.w.org\/{rel}","templated":true}]}}