{"id":10257,"date":"2020-04-25T17:44:51","date_gmt":"2020-04-25T17:53:54","guid":{"rendered":"https:\/\/peekandpack.com\/?post_type=product&#038;p=10257"},"modified":"2021-01-27T16:46:09","modified_gmt":"2021-01-27T16:46:09","slug":"papel-pintado-theo-de-mues-design","status":"publish","type":"product","link":"https:\/\/peekandpack.com\/es\/producto\/papel-pintado-theo-de-mues-design\/","title":{"rendered":"Papel Pintado TH\u00c9O de MUES Design"},"content":{"rendered":"<p>Papel Pintado Theo\u00a0 de Mues Design, con un dise\u00f1o geom\u00e9trico incre\u00edble que pondr\u00e1 el estilo mas especial a cualquier espacio.<\/p>\n<p>Caracter\u00edsticas:<br \/>\nPapel pintado lavable no tejido de 147g \/ m2<br \/>\nF\u00e1cil y r\u00e1pido de instalar y quitar.<br \/>\nMateriales respetuosos con los est\u00e1ndares sanitarios y medioambientales<br \/>\nTintas sin disolventes adecuadas para ni\u00f1os y lugares p\u00fablicos.<br \/>\nHecho en Francia<\/p>\n<p>PANEL: L60 x H280 cm<\/p>\n<p>Entrega 2 o 3 semanas.<\/p>\n<p>Colores: A, B, C, D y E<\/p>\n","protected":false},"excerpt":{"rendered":"<p>Papel pintado geom\u00e9trico TH\u00c9O<\/p>\n","protected":false},"featured_media":10256,"comment_status":"closed","ping_status":"closed","template":"","meta":[],"tags":[],"product_brand":[],"product_cat":[49,25,96,18,17],"class_list":{"0":"post-10257","1":"product","2":"type-product","3":"status-publish","4":"has-post-thumbnail","6":"product_cat-decotextiles-es","7":"product_cat-minus90","8":"product_cat-papel-pintado","9":"product_cat-peek","10":"product_cat-currentmonth","11":"product_shipping_class-standard-shipping-es","13":"first","14":"instock","15":"taxable","16":"shipping-taxable","17":"purchasable","18":"product-type-variable"},"_links":{"self":[{"href":"https:\/\/peekandpack.com\/es\/wp-json\/wp\/v2\/product\/10257","targetHints":{"allow":["GET"]}}],"collection":[{"href":"https:\/\/peekandpack.com\/es\/wp-json\/wp\/v2\/product"}],"about":[{"href":"https:\/\/peekandpack.com\/es\/wp-json\/wp\/v2\/types\/product"}],"replies":[{"embeddable":true,"href":"https:\/\/peekandpack.com\/es\/wp-json\/wp\/v2\/comments?post=10257"}],"wp:featuredmedia":[{"embeddable":true,"href":"https:\/\/peekandpack.com\/es\/wp-json\/wp\/v2\/media\/10256"}],"wp:attachment":[{"href":"https:\/\/peekandpack.com\/es\/wp-json\/wp\/v2\/media?parent=10257"}],"wp:term":[{"taxonomy":"post_tag","embeddable":true,"href":"https:\/\/peekandpack.com\/es\/wp-json\/wp\/v2\/tags?post=10257"},{"taxonomy":"product_brand","embeddable":true,"href":"https:\/\/peekandpack.com\/es\/wp-json\/wp\/v2\/product_brand?post=10257"},{"taxonomy":"product_cat","embeddable":true,"href":"https:\/\/peekandpack.com\/es\/wp-json\/wp\/v2\/product_cat?post=10257"}],"curies":[{"name":"wp","href":"https:\/\/api.w.org\/{rel}","templated":true}]}}