{"id":10233,"date":"2020-04-23T16:39:58","date_gmt":"2020-04-23T16:42:16","guid":{"rendered":"https:\/\/peekandpack.com\/?post_type=product&#038;p=10233"},"modified":"2021-10-07T08:42:59","modified_gmt":"2021-10-07T08:42:59","slug":"papel-pintado-campo-de-suenos-de-jimmy-cricket","status":"publish","type":"product","link":"https:\/\/peekandpack.com\/es\/producto\/papel-pintado-campo-de-suenos-de-jimmy-cricket\/","title":{"rendered":"Papel Pintado Campo de sue\u00f1os de Jimmy Cricket"},"content":{"rendered":"<p>La segunda colaboraci\u00f3n de Fleur Harris para\u00a0 Jimmy Cricket presenta unicornios m\u00e1gicos entre una variedad de flores y follaje en colores pastel. Pintado a mano digitalmente \u00abField of Dreams\u00bb es una obra de arte \u00fanica, perfecta para lograr los sue\u00f1os m\u00e1s dulces.<br \/>\nROLLO SIMPLE: 4 x 300 cm de longitud cada 45 cm de ancho.<br \/>\nCOBERTURA DE PARED: 5.4m por rollo<\/p>\n<p>Colores disponibles: fondo blanco, gris y rosa<\/p>\n<p>Env\u00edos en 4 semanas<\/p>\n","protected":false},"excerpt":{"rendered":"<p>Papel Pintado Campo de Sue\u00f1os de Jimmy Cricket<\/p>\n","protected":false},"featured_media":10230,"comment_status":"closed","ping_status":"closed","template":"","meta":[],"tags":[],"product_brand":[],"product_cat":[49,26,96,18,17],"class_list":{"0":"post-10233","1":"product","2":"type-product","3":"status-publish","4":"has-post-thumbnail","6":"product_cat-decotextiles-es","7":"product_cat-minus240","8":"product_cat-papel-pintado","9":"product_cat-peek","10":"product_cat-currentmonth","11":"product_shipping_class-envio-internacional","13":"first","14":"instock","15":"taxable","16":"shipping-taxable","17":"purchasable","18":"product-type-variable"},"_links":{"self":[{"href":"https:\/\/peekandpack.com\/es\/wp-json\/wp\/v2\/product\/10233","targetHints":{"allow":["GET"]}}],"collection":[{"href":"https:\/\/peekandpack.com\/es\/wp-json\/wp\/v2\/product"}],"about":[{"href":"https:\/\/peekandpack.com\/es\/wp-json\/wp\/v2\/types\/product"}],"replies":[{"embeddable":true,"href":"https:\/\/peekandpack.com\/es\/wp-json\/wp\/v2\/comments?post=10233"}],"wp:featuredmedia":[{"embeddable":true,"href":"https:\/\/peekandpack.com\/es\/wp-json\/wp\/v2\/media\/10230"}],"wp:attachment":[{"href":"https:\/\/peekandpack.com\/es\/wp-json\/wp\/v2\/media?parent=10233"}],"wp:term":[{"taxonomy":"post_tag","embeddable":true,"href":"https:\/\/peekandpack.com\/es\/wp-json\/wp\/v2\/tags?post=10233"},{"taxonomy":"product_brand","embeddable":true,"href":"https:\/\/peekandpack.com\/es\/wp-json\/wp\/v2\/product_brand?post=10233"},{"taxonomy":"product_cat","embeddable":true,"href":"https:\/\/peekandpack.com\/es\/wp-json\/wp\/v2\/product_cat?post=10233"}],"curies":[{"name":"wp","href":"https:\/\/api.w.org\/{rel}","templated":true}]}}