{"id":10214,"date":"2020-04-23T16:22:49","date_gmt":"2020-04-23T16:28:51","guid":{"rendered":"https:\/\/peekandpack.com\/?post_type=product&#038;p=10214"},"modified":"2021-10-07T08:50:20","modified_gmt":"2021-10-07T08:50:20","slug":"papel-pintado-paisaje-de-rosas-de-mr-mighetto","status":"publish","type":"product","link":"https:\/\/peekandpack.com\/es\/producto\/papel-pintado-paisaje-de-rosas-de-mr-mighetto\/","title":{"rendered":"Papel Pintado Paisaje de Rosas de Mr Mighetto"},"content":{"rendered":"<p>Bienvenido al pa\u00eds de las rosas de la mano de Mr Mighetto.<br \/>\nPapel pintado editado por Jimmy Cricket.<\/p>\n<p>Todos sus papeles pintados est\u00e1n impresos digitalmente en un papel no tejido de la m\u00e1s alta calidad. Esto significa que el papel pintado est\u00e1 hecho de una mezcla especial de fibras naturales y sint\u00e9ticas que lo hace F\u00c1CIL de instalar. Para lograr los mejores resultados, nos recomiendan utilizar una cola especial para papeles no tejidos\u00a0 y aplicarla directamente a las paredes. Consulte la gu\u00eda de instalaci\u00f3n impresa en el exterior del rollo antes de colgar su papel pintado.<\/p>\n<p>Personalmente, preferimos las colas que se venden ya diluidas, y no en polvo, que pueden desarrollar grumos.<\/p>\n<p>Disponible en 3 dimensiones:<\/p>\n<ul>\n<li>280cm x 270cm<\/li>\n<li>280cm x 360cm<\/li>\n<li>280cm x 450cm<\/li>\n<\/ul>\n<p>Entrega en 4 semanas<\/p>\n","protected":false},"excerpt":{"rendered":"<p>Bienvenido al Pa\u00eds de las Rosas&#8230;<\/p>\n","protected":false},"featured_media":10209,"comment_status":"closed","ping_status":"closed","template":"","meta":[],"tags":[],"product_brand":[],"product_cat":[49,27,96,18,17],"class_list":{"0":"post-10214","1":"product","2":"type-product","3":"status-publish","4":"has-post-thumbnail","6":"product_cat-decotextiles-es","7":"product_cat-plus250","8":"product_cat-papel-pintado","9":"product_cat-peek","10":"product_cat-currentmonth","11":"product_shipping_class-standard-shipping-es","13":"first","14":"instock","15":"taxable","16":"shipping-taxable","17":"purchasable","18":"product-type-variable"},"_links":{"self":[{"href":"https:\/\/peekandpack.com\/es\/wp-json\/wp\/v2\/product\/10214","targetHints":{"allow":["GET"]}}],"collection":[{"href":"https:\/\/peekandpack.com\/es\/wp-json\/wp\/v2\/product"}],"about":[{"href":"https:\/\/peekandpack.com\/es\/wp-json\/wp\/v2\/types\/product"}],"replies":[{"embeddable":true,"href":"https:\/\/peekandpack.com\/es\/wp-json\/wp\/v2\/comments?post=10214"}],"wp:featuredmedia":[{"embeddable":true,"href":"https:\/\/peekandpack.com\/es\/wp-json\/wp\/v2\/media\/10209"}],"wp:attachment":[{"href":"https:\/\/peekandpack.com\/es\/wp-json\/wp\/v2\/media?parent=10214"}],"wp:term":[{"taxonomy":"post_tag","embeddable":true,"href":"https:\/\/peekandpack.com\/es\/wp-json\/wp\/v2\/tags?post=10214"},{"taxonomy":"product_brand","embeddable":true,"href":"https:\/\/peekandpack.com\/es\/wp-json\/wp\/v2\/product_brand?post=10214"},{"taxonomy":"product_cat","embeddable":true,"href":"https:\/\/peekandpack.com\/es\/wp-json\/wp\/v2\/product_cat?post=10214"}],"curies":[{"name":"wp","href":"https:\/\/api.w.org\/{rel}","templated":true}]}}