{"id":10174,"date":"2020-04-13T12:34:30","date_gmt":"2020-04-13T12:40:02","guid":{"rendered":"https:\/\/peekandpack.com\/?post_type=product&#038;p=10174"},"modified":"2021-01-27T16:46:10","modified_gmt":"2021-01-27T16:46:10","slug":"lampara-twirly-de-nofred","status":"publish","type":"product","link":"https:\/\/peekandpack.com\/es\/producto\/lampara-twirly-de-nofred\/","title":{"rendered":"L\u00c1MPARA TWIRLY DE NOFRED"},"content":{"rendered":"<p>CREA UNA LUZ M\u00c1GICA PARA QUE LOS NI\u00d1OS BRILLEN BAJO ELLA&#8230;<\/p>\n<p>El universo de Nofred est\u00e1 pensado para\u00a0 encender la creatividad de los m\u00e1s peque\u00f1os&#8230; s\u00f3lo les faltaba dise\u00f1ar una bonita l\u00e1mpara y ahora llega Twirly. Una l\u00e1mpara que puede recordar a una nube esponjosa, a un cielo estrellado, a la luna, a un globo flotando&#8230; y\u00a0 lucir\u00e1 perfecta en su peque\u00f1o mundo o en cualquier espacio de la casa.<\/p>\n<p>\u2022 Ilumina la habitaci\u00f3n y da una gran luz para jugar.<\/p>\n<p>\u2022 La capa de silicona blanca est\u00e1 especialmente seleccionada para dar un aspecto suave y duradera en la vida familiar diaria.<\/p>\n<p>\u2022 Incluye estrellas e imanes lunares para adjuntar peque\u00f1as notas y dibujos.<\/p>\n<p>La l\u00e1mpara Twirly\u00a0 crea un ambiente acogedor, una l\u00e1mpara de dise\u00f1o cl\u00e1sico para ni\u00f1os.<\/p>\n<p>MEDIDAS \u00d8: 41 cm<br \/>\nPESO 1,7 kg<br \/>\nMATERIAL Estructura de acero endurecido con pantalla de goma de silicona. Incl. seis imanes: 1 x luna y 5 x estrellas.<br \/>\nFUENTE DE LUZ E27, Max 60W, LED Max 11W. Bombilla no incluida.<br \/>\nPA\u00cdS DE ORIGEN PRC<br \/>\nCUIDADO Apague la electricidad antes de limpiar la l\u00e1mpara y l\u00edmpiela con un pa\u00f1o seco o h\u00famedo. No utilice herramientas de limpieza abrasivas.<\/p>\n<p>NORMAS EUROPEAS EMC: EN61547, EN61000-3-2, EN61000-3-3 y CE \/ LVD: EN 60598-1 \/ -2-1, EN 55015<\/p>\n","protected":false},"excerpt":{"rendered":"<p>Una luz m\u00e1gica&#8230;<\/p>\n","protected":false},"featured_media":10165,"comment_status":"closed","ping_status":"closed","template":"","meta":[],"tags":[],"product_brand":[],"product_cat":[50,26,18,17],"class_list":{"0":"post-10174","1":"product","2":"type-product","3":"status-publish","4":"has-post-thumbnail","6":"product_cat-lamparas-infantiles","7":"product_cat-minus240","8":"product_cat-peek","9":"product_cat-currentmonth","10":"product_shipping_class-standard-shipping-es","12":"first","13":"instock","14":"taxable","15":"shipping-taxable","16":"purchasable","17":"product-type-simple"},"_links":{"self":[{"href":"https:\/\/peekandpack.com\/es\/wp-json\/wp\/v2\/product\/10174","targetHints":{"allow":["GET"]}}],"collection":[{"href":"https:\/\/peekandpack.com\/es\/wp-json\/wp\/v2\/product"}],"about":[{"href":"https:\/\/peekandpack.com\/es\/wp-json\/wp\/v2\/types\/product"}],"replies":[{"embeddable":true,"href":"https:\/\/peekandpack.com\/es\/wp-json\/wp\/v2\/comments?post=10174"}],"wp:featuredmedia":[{"embeddable":true,"href":"https:\/\/peekandpack.com\/es\/wp-json\/wp\/v2\/media\/10165"}],"wp:attachment":[{"href":"https:\/\/peekandpack.com\/es\/wp-json\/wp\/v2\/media?parent=10174"}],"wp:term":[{"taxonomy":"post_tag","embeddable":true,"href":"https:\/\/peekandpack.com\/es\/wp-json\/wp\/v2\/tags?post=10174"},{"taxonomy":"product_brand","embeddable":true,"href":"https:\/\/peekandpack.com\/es\/wp-json\/wp\/v2\/product_brand?post=10174"},{"taxonomy":"product_cat","embeddable":true,"href":"https:\/\/peekandpack.com\/es\/wp-json\/wp\/v2\/product_cat?post=10174"}],"curies":[{"name":"wp","href":"https:\/\/api.w.org\/{rel}","templated":true}]}}