{"id":10148,"date":"2020-04-03T09:12:25","date_gmt":"2020-04-03T09:17:45","guid":{"rendered":"https:\/\/peekandpack.com\/?post_type=product&#038;p=10148"},"modified":"2021-01-27T16:46:11","modified_gmt":"2021-01-27T16:46:11","slug":"cama-ninos-oeuf","status":"publish","type":"product","link":"https:\/\/peekandpack.com\/es\/producto\/cama-ninos-oeuf\/","title":{"rendered":"Cama Ni\u00f1os OEUF"},"content":{"rendered":"<p>CAMA PARA NI\u00d1OS dise\u00f1o de OEUF NYC<\/p>\n<p>Pasar de la cuna a una cama como esta para ni\u00f1os, supone la mejor transici\u00f3n. Ellos mismo pueden bajar y subir solitos desde muy pronto, lo que refuerza la sensaci\u00f3n de autonom\u00eda.<\/p>\n<p>M\u00e1s adelante, puede servir de sof\u00e1 para un cuarto de juegos, por ejemplo o una sala de TV.<\/p>\n<p>OEUF NYC siempre respetuoso con el medio ambiente:<br \/>\nHecho de madera contrachapada de abedul b\u00e1ltico y eco-MDF<br \/>\nLos acabados no son t\u00f3xicos, son a base de agua y no presentan riesgos para la salud<br \/>\nHecho bajo est\u00e1ndares ambientales europeos<br \/>\nEmbalaje de cart\u00f3n reciclado.<br \/>\nReciclaje responsable a trav\u00e9s de instalaciones de recolecci\u00f3n autorizadas<br \/>\nCertificado Greenguard Gold<\/p>\n<p>Medidas: L.143,8 cm x 73,8 x 53 cm altura<\/p>\n<p>Para colch\u00f3n de 140x70cm (NO INCLUIDO)<\/p>\n<p>Edad hast 6 a\u00f1os.<\/p>\n<p>Hecho en Letonia.<\/p>\n<p>Plazo de entrega (SOLO EN ESPA\u00d1A) de 8 a 10 d\u00edas.<\/p>\n","protected":false},"excerpt":{"rendered":"<p>Cama Ni\u00f1os de OEUF NYC<\/p>\n","protected":false},"featured_media":10143,"comment_status":"closed","ping_status":"closed","template":"","meta":[],"tags":[],"product_brand":[],"product_cat":[27,55,18,17],"class_list":{"0":"post-10148","1":"product","2":"type-product","3":"status-publish","4":"has-post-thumbnail","6":"product_cat-plus250","7":"product_cat-mobiliario-infantil","8":"product_cat-peek","9":"product_cat-currentmonth","10":"product_shipping_class-furniture-65-es","12":"first","13":"instock","14":"taxable","15":"shipping-taxable","16":"purchasable","17":"product-type-variable"},"_links":{"self":[{"href":"https:\/\/peekandpack.com\/es\/wp-json\/wp\/v2\/product\/10148","targetHints":{"allow":["GET"]}}],"collection":[{"href":"https:\/\/peekandpack.com\/es\/wp-json\/wp\/v2\/product"}],"about":[{"href":"https:\/\/peekandpack.com\/es\/wp-json\/wp\/v2\/types\/product"}],"replies":[{"embeddable":true,"href":"https:\/\/peekandpack.com\/es\/wp-json\/wp\/v2\/comments?post=10148"}],"wp:featuredmedia":[{"embeddable":true,"href":"https:\/\/peekandpack.com\/es\/wp-json\/wp\/v2\/media\/10143"}],"wp:attachment":[{"href":"https:\/\/peekandpack.com\/es\/wp-json\/wp\/v2\/media?parent=10148"}],"wp:term":[{"taxonomy":"post_tag","embeddable":true,"href":"https:\/\/peekandpack.com\/es\/wp-json\/wp\/v2\/tags?post=10148"},{"taxonomy":"product_brand","embeddable":true,"href":"https:\/\/peekandpack.com\/es\/wp-json\/wp\/v2\/product_brand?post=10148"},{"taxonomy":"product_cat","embeddable":true,"href":"https:\/\/peekandpack.com\/es\/wp-json\/wp\/v2\/product_cat?post=10148"}],"curies":[{"name":"wp","href":"https:\/\/api.w.org\/{rel}","templated":true}]}}