{"id":10107,"date":"2020-03-20T10:08:28","date_gmt":"2020-03-20T10:32:40","guid":{"rendered":"https:\/\/peekandpack.com\/?post_type=product&#038;p=10107"},"modified":"2021-01-27T16:46:12","modified_gmt":"2021-01-27T16:46:12","slug":"mesita-taburete-junglejungle-3-6-anos-blanco","status":"publish","type":"product","link":"https:\/\/peekandpack.com\/es\/producto\/mesita-taburete-junglejungle-3-6-anos-blanco\/","title":{"rendered":"Mesita + Taburete Jungle&#038;Jungle 3-6 a\u00f1os Blanco"},"content":{"rendered":"<p>Escritorio Bur\u00f3 de estilo retro que dar\u00e1 un toque ideal a su habitaci\u00f3n. En Peek&amp;Pack nos encanta usarlo como mesita de noche y que sea a la vez su mesa de dibujo y juegos.<\/p>\n<p>Cuando el ni\u00f1o o la ni\u00f1a crezca, permanecer\u00e1 como mesita de noche para tener a mano sus cuentos.<\/p>\n<p>Dise\u00f1o por Jungle &amp; Jungle<\/p>\n<p>Patas y ranura en madera maciza: roble blanqueado.<br \/>\nTapa \/ caja de MDF: lacado mate (Blanco)<br \/>\nDimensiones del escritorio: L 54.4 cm x P (caja) 38 cm x H 55 cm \/ 57 cm (inclinado).<br \/>\nDimensiones del taburete: L 27 cm x P 27 cm x H 30 cm.<br \/>\nRanura (para l\u00e1pices): L 30 cm x ancho 3.5 cm.<br \/>\nAcabados de acuerdo con la norma EN NF 71-3.<br \/>\nPeso: 19 kg. Apto para ni\u00f1os de 3 a 6 a\u00f1os.<br \/>\nHecho en Europa<\/p>\n<p>Entrega: 6-8 d\u00edas (Europa) otros destinos a cotizar<\/p>\n","protected":false},"excerpt":{"rendered":"<p>Bur\u00f3 + Taburete de ni\u00f1os<\/p>\n","protected":false},"featured_media":10100,"comment_status":"closed","ping_status":"closed","template":"","meta":[],"tags":[],"product_brand":[],"product_cat":[27,55,18,17],"class_list":{"0":"post-10107","1":"product","2":"type-product","3":"status-publish","4":"has-post-thumbnail","6":"product_cat-plus250","7":"product_cat-mobiliario-infantil","8":"product_cat-peek","9":"product_cat-currentmonth","10":"product_shipping_class-furniture-65-es","12":"first","13":"outofstock","14":"taxable","15":"shipping-taxable","16":"purchasable","17":"product-type-simple"},"_links":{"self":[{"href":"https:\/\/peekandpack.com\/es\/wp-json\/wp\/v2\/product\/10107","targetHints":{"allow":["GET"]}}],"collection":[{"href":"https:\/\/peekandpack.com\/es\/wp-json\/wp\/v2\/product"}],"about":[{"href":"https:\/\/peekandpack.com\/es\/wp-json\/wp\/v2\/types\/product"}],"replies":[{"embeddable":true,"href":"https:\/\/peekandpack.com\/es\/wp-json\/wp\/v2\/comments?post=10107"}],"wp:featuredmedia":[{"embeddable":true,"href":"https:\/\/peekandpack.com\/es\/wp-json\/wp\/v2\/media\/10100"}],"wp:attachment":[{"href":"https:\/\/peekandpack.com\/es\/wp-json\/wp\/v2\/media?parent=10107"}],"wp:term":[{"taxonomy":"post_tag","embeddable":true,"href":"https:\/\/peekandpack.com\/es\/wp-json\/wp\/v2\/tags?post=10107"},{"taxonomy":"product_brand","embeddable":true,"href":"https:\/\/peekandpack.com\/es\/wp-json\/wp\/v2\/product_brand?post=10107"},{"taxonomy":"product_cat","embeddable":true,"href":"https:\/\/peekandpack.com\/es\/wp-json\/wp\/v2\/product_cat?post=10107"}],"curies":[{"name":"wp","href":"https:\/\/api.w.org\/{rel}","templated":true}]}}