{"id":53,"date":"2014-04-07T09:21:59","date_gmt":"2014-04-07T09:21:59","guid":{"rendered":"http:\/\/peekandpack.com\/?page_id=53"},"modified":"2019-10-30T14:38:33","modified_gmt":"2019-10-30T14:38:33","slug":"condiciones-de-venta","status":"publish","type":"page","link":"https:\/\/peekandpack.com\/es\/condiciones-de-venta\/","title":{"rendered":"Condiciones de venta"},"content":{"rendered":"<p>El presente sitio es propiedad de <strong>SUSANA SANDONIS COLINAS<\/strong>, con sede social en C\/ Sitges, 10. 28300. Aranjuez &#8211; Madrid (SPAIN). (ESPA\u00d1A)<\/p>\n<p>Las presentes Condiciones generales de venta incluyen la totalidad de las obligaciones por ambas partes. En este sentido, el Cliente acepta las disposiciones previstas en las presentes Condiciones generales de venta. <em>Peek&amp;Pack<\/em> se compromete por su parte a respetar su papel de vendedor en el marco de dichas condiciones.<\/p>\n<p>Las presentes Condiciones generales tienen por objeto definir los derechos y obligaciones de las partes en el marco de la venta en l\u00ednea de bienes y servicios propuestos al Cliente por <em>Peek&amp;Pack<\/em>, desde el momento del pedido hasta la entrega, pasando por el pago y la utilizaci\u00f3n de los servicios puestos a disposici\u00f3n por <em>Peek&amp;Pack<\/em>.<\/p>\n<p>El hecho de marcar la casilla \u201cAcepto las Condiciones generales de venta\u201d, antes de proceder al pago seguro, constituye una aceptaci\u00f3n por parte del Cliente. El Cliente reconoce a trav\u00e9s de dicha aceptaci\u00f3n haber le\u00eddo, comprendido y aceptar las presentes Condiciones.<\/p>\n<p><strong>REALIZACI\u00d3N DE UN PEDIDO<\/strong><\/p>\n<p>El Cliente particular puede realizar un pedido en <em>Peek&amp;Pack<\/em> por Internet 24 horas al d\u00eda, todos los d\u00edas de la semana.<\/p>\n<p>Los procesos de compra se componen de 6 pasos:<\/p>\n<p><strong>1.<\/strong> identificar de manera clara los productos seleccionados con las opciones de color, medida\u2026 indicados en el sitio www.peekandpack.com;<br \/>\n<strong>2.<\/strong> indicar la cantidad deseada;<br \/>\n<strong>3.<\/strong> identificarse bien a trav\u00e9s de su nombre de usuario y de su contrase\u00f1a que son estrictamente personales, bien mencionando cada uno de los datos que se piden habitualmente para una inscripci\u00f3n en l\u00ednea;<br \/>\n<strong>4.<\/strong> indicar de manera precisa los datos necesarios para la entrega, en particular la direcci\u00f3n exacta;<br \/>\n<strong>5.<\/strong> indicar el modo en entrega;<br \/>\n<strong>6.<\/strong> finalmente indicar el modo de pago elegido.<\/p>\n<p>Una vez haya seleccionado el modo de pago, el Cliente debe proceder al pago de su pedido en la interfaz de pago encriptada, lo que formalizar\u00e1 de manera firme y definitiva el contrato de venta que le une a Peek&amp;Pack.<\/p>\n<p>Cualquier pedido implica la aceptaci\u00f3n de los precios y la descripci\u00f3n de los productos disponibles a la venta.<\/p>\n<p>En cualquier caso, el hecho de proporcionar el n\u00famero de tarjeta de cr\u00e9dito y la validaci\u00f3n final del pedido por parte del Cliente constituir\u00e1n la prueba del pedido y la exigibilidad de los importes equivalentes a los productos seleccionados en el pedido. Dicha validaci\u00f3n constituye firma y aceptaci\u00f3n de todas las operaciones efectuadas en el sitio www.peekandpack.com.<\/p>\n<p><strong>CONFIRMACI\u00d3N DE PEDIDO<\/strong><\/p>\n<p>El Cliente recibir\u00e1 un correo electr\u00f3nico para confirmarle el pedido, bajo reserva que la direcci\u00f3n indicada en el formulario no contenga errores.<\/p>\n<p>El Cliente debe comprobar la exhaustividad y la conformidad de los datos que proporciona a <em>Peek&amp;Pack<\/em>. Esta no podr\u00e1 ser considerada responsable de posibles errores de introducci\u00f3n de datos y de las consecuencias en t\u00e9rminos de retraso o de errores en la entrega. En dicho contexto, todos los gastos generados por la devoluci\u00f3n correr\u00e1n a cargo del Cliente.<\/p>\n<p><strong>SEGUMIENTO DEL PEDIDO<\/strong><\/p>\n<p>El Cliente puede, en cualquier momento, consultar el estado de su pedido consultando el apartado \u201cMi cuenta\u201d en el sitio www.peekandpack.com. Este seguimiento permite al Cliente conocer el estado de avance de su pedido, pero tambi\u00e9n el estado de env\u00edo o de entrega de sus paquetes. El seguimiento del env\u00edo se efect\u00faa en interfaz con los medios de Internet de seguimiento del transportista. El Cliente puede, en todo momento ponerse en contacto con Peek&amp;Pack para informarse sobre el seguimiento de su pedido, a trav\u00e9s de mail a la direcci\u00f3n <a href=\"mailto:info@peekandpack.com\">info@peekandpack.com<\/a><\/p>\n<p><strong>PROTECCI\u00d3N DE DATOS<\/strong><\/p>\n<p>Le informamos que, de conformidad con la Ley Org\u00e1nica 15\/1999 de 13 de diciembre, de Protecci\u00f3n de Datos de Car\u00e1cter Personal, y dem\u00e1s legislaci\u00f3n vigente en materia de protecci\u00f3n de datos, los datos personales contenidos en este formulario se incorporar\u00e1n a un fichero titularidad de <em>Peek&amp;Pack<\/em> con la finalidad de canalizar las solicitudes de informaci\u00f3n, sugerencias y reclamaciones de clientes para su gesti\u00f3n y resoluci\u00f3n.<\/p>\n<p>El cliente puede ejercer los derechos de acceso, rectificaci\u00f3n, oposici\u00f3n y cancelaci\u00f3n dirigi\u00e9ndose a <em>Peek&amp;Pack<\/em>, PASEO DE MOZART 58. 45340. ONTIGOLA. TOLEDO (Espa\u00f1a) o a trav\u00e9s de nuestra direcci\u00f3n de correo electr\u00f3nico: <a href=\"mailto:info@peekandpack.com\">info@peekandpack.com,<\/a> en los t\u00e9rminos legalmente previstos, pudiendo solicitar informaci\u00f3n.<\/p>\n<p><strong>PAGO<\/strong><\/p>\n<p><em>Peek&amp;Pack<\/em> le propone el pago en l\u00ednea con tarjeta de cr\u00e9dito: Visa y Mastercard.<\/p>\n<p><strong><em>\u00bfSon realmente seguros los pagos con tarjeta?<\/em><\/strong><\/p>\n<p><em>Peek&amp;Pack<\/em> se toma muy en serio la seguridad de los pagos y de la confidencialidad de los datos que nos comunica. Por ello, la web utiliza un modo de pago encriptado SSL (Secure Socket Layer) que garantiza la encriptaci\u00f3n de sus datos bancarios en el momento en el que circulan por la red, es decir que son totalmente encriptados para que no puedan ser le\u00eddos. Puede comprobar que la operaci\u00f3n es segura porque en su navegador aparece el s\u00edmbolo de una cadena.<\/p>\n<p>La transacci\u00f3n se efect\u00faa a trav\u00e9s del sistema de pago en l\u00ednea E-TRANSACTIONS del banco CATALUNYACAIXA con el que estamos asociados, y que es el \u00fanico en disponer de los datos bancarios que nos comunica en el momento del pago. Al introducir su n\u00famero de tarjeta para efectuar sus compras, en realidad lo que hace es transmitir directamente sus datos bancarios a nuestro banco, CATALUNYACAIXA, que los registra en su servidor, altamente seguro. Dichos datos no transitan por ning\u00fan intermediario.<\/p>\n<p><strong>ENTREGA <\/strong><\/p>\n<p><strong>Espa\u00f1a<\/strong>: 10 \u20ac entrega Est\u00e1ndar por MRW o SEUR.<br \/>\nLa entrega se realizar\u00e1 en su domicilio en 3-4 d\u00edas h\u00e1biles. En caso de ausencia durante el reparto, SEUR realizar\u00e1 3 intentos de entrega. Despu\u00e9s del tercer intento fallido, su paquete ser\u00e1 guardado durante 4 d\u00edas por el transportista. Si desea su pedido en ese momento, puede solicitar un nuevo env\u00edo a su casa, pero se le pedir\u00e1 un coste de env\u00edo adicional. En caso de no entrega del pedido, ser\u00e1 devuelto a <em>Peek&amp;Pack<\/em>.<\/p>\n<p><strong>Resto Europa<\/strong>: 20 \u20ac (pedidos voluminosos y mobiliario\u00a0 a consultar precio).<\/p>\n<p><strong>Otros pa\u00edses<\/strong>: Precios de env\u00edos a consultar (email: <a href=\"mailto:info@peekandpack.com\">info@peekandpack.com<\/a>)<\/p>\n<p><strong>DEVOLUCI\u00d3N<\/strong><\/p>\n<p>Dispone de un plazo legal de 7 d\u00edas a partir de la recepci\u00f3n de la mercanc\u00eda para indicarnos su intenci\u00f3n de devolvernos el producto as\u00ed como la raz\u00f3n de la devoluci\u00f3n.<\/p>\n<p><strong><em>Puede realizar la solicitud de devoluci\u00f3n:<\/em><\/strong><\/p>\n<p><strong>1.<\/strong> Conect\u00e1ndose a la web <em>Peek&amp;Pack,<\/em> en el apartado \u00bb Mis Pedidos \u00bb de Mi Cuenta: basta con marcar el o los productos y las cantidades que desea devolver, de indicar el motivo de la devoluci\u00f3n y validar pulsando en \u00bb Generar una devoluci\u00f3n\u201d. Su solicitud ser\u00e1 estudiada por nuestro servicio de atenci\u00f3n al cliente. Le enviaremos un n\u00famero de autorizaci\u00f3n que deber\u00e1 poner en el paquete, as\u00ed como la direcci\u00f3n a la que debe enviar los art\u00edculos que desea devolver.<\/p>\n<p><strong>2.<\/strong> Poni\u00e9ndose en contacto con el servicio de atenci\u00f3n al cliente de <em>Peek&amp;Pack<\/em>, a trav\u00e9s del formulario de contacto, por correo electr\u00f3nico, y le indicaremos los pasos a seguir.<br \/>\nEn cuanto reciba el email de autorizaci\u00f3n de devoluci\u00f3n, puede proceder a la devoluci\u00f3n del o de los productos que desee, en su embalaje de origen, acompa\u00f1ados de la factura correspondiente, de la ficha de devoluci\u00f3n, a la direcci\u00f3n indicada. Los gastos de devoluci\u00f3n corren de su cuenta.<\/p>\n<p>En Papeles Pintados no se aceptan devoluciones.<\/p>\n","protected":false},"excerpt":{"rendered":"<p>El presente sitio es propiedad de SUSANA SANDONIS COLINAS, con sede social en C\/ Sitges, 10. 28300. Aranjuez &#8211; Madrid (SPAIN). (ESPA\u00d1A) Las presentes Condiciones generales de venta incluyen la totalidad de las obligaciones por ambas partes. En este sentido, el Cliente acepta las disposiciones previstas en las presentes Condiciones generales de venta. Peek&amp;Pack se&#8230;  <a class=\"excerpt-read-more\" href=\"https:\/\/peekandpack.com\/es\/condiciones-de-venta\/\" title=\"Read Condiciones de venta\">Leer m\u00e1s &raquo;<\/a><\/p>\n","protected":false},"author":1,"featured_media":0,"parent":0,"menu_order":0,"comment_status":"open","ping_status":"open","template":"","meta":{"footnotes":""},"class_list":["post-53","page","type-page","status-publish","hentry"],"_links":{"self":[{"href":"https:\/\/peekandpack.com\/es\/wp-json\/wp\/v2\/pages\/53","targetHints":{"allow":["GET"]}}],"collection":[{"href":"https:\/\/peekandpack.com\/es\/wp-json\/wp\/v2\/pages"}],"about":[{"href":"https:\/\/peekandpack.com\/es\/wp-json\/wp\/v2\/types\/page"}],"author":[{"embeddable":true,"href":"https:\/\/peekandpack.com\/es\/wp-json\/wp\/v2\/users\/1"}],"replies":[{"embeddable":true,"href":"https:\/\/peekandpack.com\/es\/wp-json\/wp\/v2\/comments?post=53"}],"version-history":[{"count":2,"href":"https:\/\/peekandpack.com\/es\/wp-json\/wp\/v2\/pages\/53\/revisions"}],"predecessor-version":[{"id":9774,"href":"https:\/\/peekandpack.com\/es\/wp-json\/wp\/v2\/pages\/53\/revisions\/9774"}],"wp:attachment":[{"href":"https:\/\/peekandpack.com\/es\/wp-json\/wp\/v2\/media?parent=53"}],"curies":[{"name":"wp","href":"https:\/\/api.w.org\/{rel}","templated":true}]}}