{"id":51,"date":"2014-04-07T09:21:46","date_gmt":"2014-04-07T09:21:46","guid":{"rendered":"http:\/\/peekandpack.com\/?page_id=51"},"modified":"2018-05-28T09:15:47","modified_gmt":"2018-05-28T09:15:47","slug":"aviso-legal","status":"publish","type":"page","link":"https:\/\/peekandpack.com\/es\/aviso-legal\/","title":{"rendered":"Aviso legal"},"content":{"rendered":"<p><strong>1. Informaci\u00f3n relativa cumplimiento art\u00edculo 10 LSSICE<\/strong><\/p>\n<p>Titular de la web: SUSANA SANDONIS COLINAS<br \/>\nNIF: 02914659F<br \/>\nDomicilio fiscal:  C\/ Sitges, 10. 28300. Aranjuez &#8211; Madrid. ESPA\u00d1A<\/p>\n<p><strong>2. Protecci\u00f3n de datos personales<\/strong><\/p>\n<p>Los datos de car\u00e1cter personal que se recogen a trav\u00e9s de la p\u00e1gina web, son \u00fanicamente utilizados a efectos de prestar los servicios solicitados. Sus datos ser\u00e1n ubicados en ficheros titularidad de SUSANA SANDONIS COLINAS y ser\u00e1n archivados por el periodo de tiempo legalmente necesario. Usted podr\u00e1 ejercer los derechos de acceso, rectificaci\u00f3n, cancelaci\u00f3n y oposici\u00f3n por escrito en la direcci\u00f3n: PASEO DE MOZART 58. 45340. ONTIGOLA. TOLEDO. ESPA\u00d1A<\/p>\n<p><strong>3. Propiedad Intelectual y responsabilidad sobre los contenidos<\/strong><\/p>\n<p>&#8211; 3.1 Queda prohibido cualquier uso de todos los contenidos de la p\u00e1gina web, concretamente sobre los textos, dise\u00f1o y c\u00f3digo fuente, sin la autorizaci\u00f3n expresa de sus titulares. Cualquier uso no permitido ser\u00e1 debidamente perseguido por los leg\u00edtimos propietarios.<\/p>\n<p>&#8211; 3.2 El titular de la p\u00e1gina web no se hace responsable de los contenidos a los que se dirigen los enlaces ubicados en \u00e9sta, seg\u00fan lo que establece el art\u00edculo 17 de la LSSICE.<\/p>\n<p><strong>4. Legislaci\u00f3n aplicable y jurisdicci\u00f3n competente<\/strong><\/p>\n<p>Las presentes condiciones de uso restan sujetas a lo establecido en las leyes espa\u00f1olas, para cualquier conflicto derivado de la interpretaci\u00f3n de las mismas, las partes se someten a la jurisdicci\u00f3n de los Tribunales de la ciudad de Madrid.<\/p>\n","protected":false},"excerpt":{"rendered":"<p>1. Informaci\u00f3n relativa cumplimiento art\u00edculo 10 LSSICE Titular de la web: SUSANA SANDONIS COLINAS NIF: 02914659F Domicilio fiscal: C\/ Sitges, 10. 28300. Aranjuez &#8211; Madrid. ESPA\u00d1A 2. Protecci\u00f3n de datos personales Los datos de car\u00e1cter personal que se recogen a trav\u00e9s de la p\u00e1gina web, son \u00fanicamente utilizados a efectos de prestar los servicios solicitados&#8230;.  <a class=\"excerpt-read-more\" href=\"https:\/\/peekandpack.com\/es\/aviso-legal\/\" title=\"Read Aviso legal\">Leer m\u00e1s &raquo;<\/a><\/p>\n","protected":false},"author":1,"featured_media":0,"parent":0,"menu_order":0,"comment_status":"open","ping_status":"open","template":"","meta":{"footnotes":""},"class_list":["post-51","page","type-page","status-publish","hentry"],"_links":{"self":[{"href":"https:\/\/peekandpack.com\/es\/wp-json\/wp\/v2\/pages\/51","targetHints":{"allow":["GET"]}}],"collection":[{"href":"https:\/\/peekandpack.com\/es\/wp-json\/wp\/v2\/pages"}],"about":[{"href":"https:\/\/peekandpack.com\/es\/wp-json\/wp\/v2\/types\/page"}],"author":[{"embeddable":true,"href":"https:\/\/peekandpack.com\/es\/wp-json\/wp\/v2\/users\/1"}],"replies":[{"embeddable":true,"href":"https:\/\/peekandpack.com\/es\/wp-json\/wp\/v2\/comments?post=51"}],"version-history":[{"count":2,"href":"https:\/\/peekandpack.com\/es\/wp-json\/wp\/v2\/pages\/51\/revisions"}],"predecessor-version":[{"id":8330,"href":"https:\/\/peekandpack.com\/es\/wp-json\/wp\/v2\/pages\/51\/revisions\/8330"}],"wp:attachment":[{"href":"https:\/\/peekandpack.com\/es\/wp-json\/wp\/v2\/media?parent=51"}],"curies":[{"name":"wp","href":"https:\/\/api.w.org\/{rel}","templated":true}]}}