{"id":49,"date":"2014-04-07T09:21:25","date_gmt":"2014-04-07T09:21:25","guid":{"rendered":"http:\/\/peekandpack.com\/?page_id=49"},"modified":"2023-11-21T13:55:20","modified_gmt":"2023-11-21T13:55:20","slug":"contacto","status":"publish","type":"page","link":"https:\/\/peekandpack.com\/es\/contacto\/","title":{"rendered":"Contacto"},"content":{"rendered":"\n<p>Para cualquier consulta acerca del proceso de compra, sobre un producto o un pedido, no dudes en ponerte en contacto con nosotros a trav\u00e9s del siguiente formulario. Nos pondremos en contacto contigo para ayudarte a trav\u00e9s del email que nos facilites, tan pronto como sea posible. En Peek &amp; Pack tu opini\u00f3n nos importa mucho. Adem\u00e1s de poder ayudarte ante cualquier duda, nos gustar\u00eda conocer tu experiencia con nosotros. Escribenos para contarnos y que podamos as\u00ed mejorar y evolucionar con tus indicaciones.<\/p>\n","protected":false},"excerpt":{"rendered":"<p>Para cualquier consulta acerca del proceso de compra, sobre un producto o un pedido, no dudes en ponerte en contacto con nosotros a trav\u00e9s del siguiente formulario. Nos pondremos en contacto contigo para ayudarte a trav\u00e9s del email que nos facilites, tan pronto como sea posible. En Peek &amp; Pack tu opini\u00f3n nos importa mucho&#8230;.  <a class=\"excerpt-read-more\" href=\"https:\/\/peekandpack.com\/es\/contacto\/\" title=\"Read Contacto\">Leer m\u00e1s &raquo;<\/a><\/p>\n","protected":false},"author":1,"featured_media":15702,"parent":0,"menu_order":0,"comment_status":"open","ping_status":"closed","template":"page_contact.php","meta":{"footnotes":""},"class_list":["post-49","page","type-page","status-publish","has-post-thumbnail","hentry"],"_links":{"self":[{"href":"https:\/\/peekandpack.com\/es\/wp-json\/wp\/v2\/pages\/49","targetHints":{"allow":["GET"]}}],"collection":[{"href":"https:\/\/peekandpack.com\/es\/wp-json\/wp\/v2\/pages"}],"about":[{"href":"https:\/\/peekandpack.com\/es\/wp-json\/wp\/v2\/types\/page"}],"author":[{"embeddable":true,"href":"https:\/\/peekandpack.com\/es\/wp-json\/wp\/v2\/users\/1"}],"replies":[{"embeddable":true,"href":"https:\/\/peekandpack.com\/es\/wp-json\/wp\/v2\/comments?post=49"}],"version-history":[{"count":2,"href":"https:\/\/peekandpack.com\/es\/wp-json\/wp\/v2\/pages\/49\/revisions"}],"predecessor-version":[{"id":16001,"href":"https:\/\/peekandpack.com\/es\/wp-json\/wp\/v2\/pages\/49\/revisions\/16001"}],"wp:featuredmedia":[{"embeddable":true,"href":"https:\/\/peekandpack.com\/es\/wp-json\/wp\/v2\/media\/15702"}],"wp:attachment":[{"href":"https:\/\/peekandpack.com\/es\/wp-json\/wp\/v2\/media?parent=49"}],"curies":[{"name":"wp","href":"https:\/\/api.w.org\/{rel}","templated":true}]}}