{"id":43,"date":"2014-04-07T09:20:43","date_gmt":"2014-04-07T09:20:43","guid":{"rendered":"http:\/\/peekandpack.com\/?page_id=43"},"modified":"2023-11-21T14:20:43","modified_gmt":"2023-11-21T14:20:43","slug":"nuestra-historia","status":"publish","type":"page","link":"https:\/\/peekandpack.com\/es\/nuestra-historia\/","title":{"rendered":"Nuestra historia"},"content":{"rendered":"\n<p><strong>Peek&amp;Pack<\/strong> es el proyecto so\u00f1ado de Susana y Carlos. Ambos nos consideramos unos estetas reconocidos y amantes de las cosas bien hechas. En el caso de Susana, con m\u00e1s de 10 a\u00f1os de experiencia, despu\u00e9s de una amplia formaci\u00f3n en el mundo del arte, decide dar el salto a otro sector estrechamente relacionado, la decoraci\u00f3n, colaborando con las mejores firmas de dise\u00f1o a nivel internacional. Por su parte, Carlos, tiene una larga experiencia de m\u00e1s de 15 a\u00f1os en desarrollo de negocio y gesti\u00f3n en diferentes campos (IT, textil, ventas,\u2026).<\/p>\n\n\n\n<p>En definitiva, un t\u00e1ndem perfecto. Desde que Martina y posteriormente, Nicol\u00e1s,\u00a0 llegaron a nuestras vidas, decidimos lanzarnos a la aventura de crear <strong>Peek&amp;Pack<\/strong>, tras la propia experiencia en la oferta en decoraci\u00f3n para los m\u00e1s peque\u00f1os. Buscando, buscando, fuimos descubriendo aut\u00e9nticas joyas del dise\u00f1o espec\u00edficas para ellos. <strong>Peek&amp;Pack<\/strong> reunir\u00e1 piezas seleccionadas para la decoraci\u00f3n de espacios aut\u00e9nticos y especiales de \u00abNi\u00f1os no \u00d1o\u00f1os\u00bb.<\/p>\n\n\n\n<p>Disfruta de la experiencia.<\/p>\n","protected":false},"excerpt":{"rendered":"<p>Peek&amp;Pack es el proyecto so\u00f1ado de Susana y Carlos. Ambos nos consideramos unos estetas reconocidos y amantes de las cosas bien hechas. En el caso de Susana, con m\u00e1s de 10 a\u00f1os de experiencia, despu\u00e9s de una amplia formaci\u00f3n en el mundo del arte, decide dar el salto a otro sector estrechamente relacionado, la decoraci\u00f3n,&#8230;  <a class=\"excerpt-read-more\" href=\"https:\/\/peekandpack.com\/es\/nuestra-historia\/\" title=\"Read Nuestra historia\">Leer m\u00e1s &raquo;<\/a><\/p>\n","protected":false},"author":1,"featured_media":15975,"parent":0,"menu_order":0,"comment_status":"open","ping_status":"closed","template":"page_about.php","meta":{"footnotes":""},"class_list":["post-43","page","type-page","status-publish","has-post-thumbnail","hentry"],"_links":{"self":[{"href":"https:\/\/peekandpack.com\/es\/wp-json\/wp\/v2\/pages\/43","targetHints":{"allow":["GET"]}}],"collection":[{"href":"https:\/\/peekandpack.com\/es\/wp-json\/wp\/v2\/pages"}],"about":[{"href":"https:\/\/peekandpack.com\/es\/wp-json\/wp\/v2\/types\/page"}],"author":[{"embeddable":true,"href":"https:\/\/peekandpack.com\/es\/wp-json\/wp\/v2\/users\/1"}],"replies":[{"embeddable":true,"href":"https:\/\/peekandpack.com\/es\/wp-json\/wp\/v2\/comments?post=43"}],"version-history":[{"count":3,"href":"https:\/\/peekandpack.com\/es\/wp-json\/wp\/v2\/pages\/43\/revisions"}],"predecessor-version":[{"id":16016,"href":"https:\/\/peekandpack.com\/es\/wp-json\/wp\/v2\/pages\/43\/revisions\/16016"}],"wp:featuredmedia":[{"embeddable":true,"href":"https:\/\/peekandpack.com\/es\/wp-json\/wp\/v2\/media\/15975"}],"wp:attachment":[{"href":"https:\/\/peekandpack.com\/es\/wp-json\/wp\/v2\/media?parent=43"}],"curies":[{"name":"wp","href":"https:\/\/api.w.org\/{rel}","templated":true}]}}