{"id":15969,"date":"2023-11-21T12:27:29","date_gmt":"2023-11-21T12:27:29","guid":{"rendered":"https:\/\/peekandpack.com\/?page_id=15969"},"modified":"2023-11-22T10:10:07","modified_gmt":"2023-11-22T10:10:07","slug":"servicios","status":"publish","type":"page","link":"https:\/\/peekandpack.com\/es\/servicios\/","title":{"rendered":"Servicios"},"content":{"rendered":"\n<p>En Peek&amp;Pack ofrecemos una amplia gama de \u00a0servicios para alinearnos a cada una de las necesidades de nuestros clientes. Entendemos que <strong>cada proyecto es \u00fanico<\/strong> y adaptamos nuestra forma de trabajar en consecuencia. Somos perfeccionistas y alentamos a nuestros clientes a ser iguales, mientras les aseguramos que su proyecto ser\u00e1 atendido como si fuera nuestro. Estamos comprometidos a <strong>dise\u00f1ar y entregar un trabajo especial y atemporal<\/strong>, y haremos todo lo posible para garantizar que sea un proceso agradable para nuestros clientes y que supere sus expectativas.<\/p>\n\n\n\n<p>\u00a0Nuestro equipo de buscadores de belleza y aventuras ofrece un servicio completo, dise\u00f1o de interiores, gesti\u00f3n de proyectos y dise\u00f1o y selecci\u00f3n \u00a0de muebles. Os guiaremos a trav\u00e9s de cada paso o simplemente seleccionaremos las etapas del proceso.<\/p>\n","protected":false},"excerpt":{"rendered":"<p>En Peek&amp;Pack ofrecemos una amplia gama de \u00a0servicios para alinearnos a cada una de las necesidades de nuestros clientes. Entendemos que cada proyecto es \u00fanico y adaptamos nuestra forma de trabajar en consecuencia. Somos perfeccionistas y alentamos a nuestros clientes a ser iguales, mientras les aseguramos que su proyecto ser\u00e1 atendido como si fuera nuestro&#8230;.  <a class=\"excerpt-read-more\" href=\"https:\/\/peekandpack.com\/es\/servicios\/\" title=\"Read Servicios\">Leer m\u00e1s &raquo;<\/a><\/p>\n","protected":false},"author":1,"featured_media":15720,"parent":0,"menu_order":0,"comment_status":"closed","ping_status":"closed","template":"page_services.php","meta":{"footnotes":""},"class_list":["post-15969","page","type-page","status-publish","has-post-thumbnail","hentry"],"_links":{"self":[{"href":"https:\/\/peekandpack.com\/es\/wp-json\/wp\/v2\/pages\/15969","targetHints":{"allow":["GET"]}}],"collection":[{"href":"https:\/\/peekandpack.com\/es\/wp-json\/wp\/v2\/pages"}],"about":[{"href":"https:\/\/peekandpack.com\/es\/wp-json\/wp\/v2\/types\/page"}],"author":[{"embeddable":true,"href":"https:\/\/peekandpack.com\/es\/wp-json\/wp\/v2\/users\/1"}],"replies":[{"embeddable":true,"href":"https:\/\/peekandpack.com\/es\/wp-json\/wp\/v2\/comments?post=15969"}],"version-history":[{"count":2,"href":"https:\/\/peekandpack.com\/es\/wp-json\/wp\/v2\/pages\/15969\/revisions"}],"predecessor-version":[{"id":16072,"href":"https:\/\/peekandpack.com\/es\/wp-json\/wp\/v2\/pages\/15969\/revisions\/16072"}],"wp:featuredmedia":[{"embeddable":true,"href":"https:\/\/peekandpack.com\/es\/wp-json\/wp\/v2\/media\/15720"}],"wp:attachment":[{"href":"https:\/\/peekandpack.com\/es\/wp-json\/wp\/v2\/media?parent=15969"}],"curies":[{"name":"wp","href":"https:\/\/api.w.org\/{rel}","templated":true}]}}